{"id":10320,"date":"2024-09-01T09:57:35","date_gmt":"2024-09-01T07:57:35","guid":{"rendered":"http:\/\/89.117.56.145\/cukiernia.pl\/?page_id=10320"},"modified":"2024-09-01T10:15:40","modified_gmt":"2024-09-01T08:15:40","slug":"szkolenia-online","status":"publish","type":"page","link":"https:\/\/cakeartak.pl\/index.php\/szkolenia-online\/","title":{"rendered":"Szkolenia online"},"content":{"rendered":"\t\t<div data-elementor-type=\"wp-page\" data-elementor-id=\"10320\" class=\"elementor elementor-10320\">\n\t\t\t\t\t\t<div class=\"elementor-section elementor-top-section elementor-element elementor-element-221e75a elementor-section-stretched elementor-section-boxed elementor-section-height-default elementor-section-height-default\" data-id=\"221e75a\" data-element_type=\"section\" data-settings=\"{&quot;stretch_section&quot;:&quot;section-stretched&quot;}\">\n\t\t\t\t\t\t<div class=\"elementor-container elementor-column-gap-no\">\n\t\t\t\t\t<div class=\"elementor-column elementor-col-100 elementor-top-column elementor-element elementor-element-7c3b0ca\" data-id=\"7c3b0ca\" data-element_type=\"column\" data-settings=\"{&quot;background_background&quot;:&quot;classic&quot;}\">\n\t\t\t<div class=\"elementor-widget-wrap elementor-element-populated\">\n\t\t\t\t\t\t<div class=\"elementor-element elementor-element-ee57d36 elementor-widget elementor-widget-heading\" data-id=\"ee57d36\" data-element_type=\"widget\" data-widget_type=\"heading.default\">\n\t\t\t\t<div class=\"elementor-widget-container\">\n\t\t\t<h4 class=\"elementor-heading-title elementor-size-default\">SZKOLENIA<\/h4>\t\t<\/div>\n\t\t\t\t<\/div>\n\t\t\t\t<div class=\"elementor-element elementor-element-2b428b7 elementor-widget elementor-widget-heading\" data-id=\"2b428b7\" data-element_type=\"widget\" data-widget_type=\"heading.default\">\n\t\t\t\t<div class=\"elementor-widget-container\">\n\t\t\t<h2 class=\"elementor-heading-title elementor-size-default\">Szkolenia online<\/h2>\t\t<\/div>\n\t\t\t\t<\/div>\n\t\t\t\t<div class=\"elementor-element elementor-element-09a3179 elementor-widget__width-initial elementor-widget-mobile_extra__width-inherit elementor-widget-tablet__width-inherit elementor-widget elementor-widget-text-editor\" data-id=\"09a3179\" data-element_type=\"widget\" data-widget_type=\"text-editor.default\">\n\t\t\t\t<div class=\"elementor-widget-container\">\n\t\t\t\t\t\t\t<p>Szkolenie online zawiera film z dok\u0142adnym om\u00f3wieniem przygotowania<br \/>wypiek\u00f3w oraz skrypt technologiczny z dok\u0142adnym przepisem oraz list\u0105<br \/>produkt\u00f3w, kt\u00f3re b\u0119d\u0105 potrzebne do przygotowania wypieku.<\/p>\t\t\t\t\t\t<\/div>\n\t\t\t\t<\/div>\n\t\t\t\t<div class=\"elementor-element elementor-element-07546a8 elementor-widget elementor-widget-heading\" data-id=\"07546a8\" data-element_type=\"widget\" data-widget_type=\"heading.default\">\n\t\t\t\t<div class=\"elementor-widget-container\">\n\t\t\t<h2 class=\"elementor-heading-title elementor-size-default\">Angelika Kusik<\/h2>\t\t<\/div>\n\t\t\t\t<\/div>\n\t\t\t\t\t<\/div>\n\t\t<\/div>\n\t\t\t\t\t<\/div>\n\t\t<\/div>\n\t\t\t\t<\/div>\n\t\t","protected":false},"excerpt":{"rendered":"<p>SZKOLENIA Szkolenia online Szkolenie online zawiera film z dok\u0142adnym om\u00f3wieniem przygotowaniawypiek\u00f3w oraz skrypt technologiczny z dok\u0142adnym przepisem oraz list\u0105produkt\u00f3w, kt\u00f3re b\u0119d\u0105 potrzebne do przygotowania wypieku. Angelika Kusik<\/p>\n","protected":false},"author":1,"featured_media":0,"parent":0,"menu_order":0,"comment_status":"closed","ping_status":"closed","template":"template-homepage.php","meta":{"footnotes":""},"class_list":["post-10320","page","type-page","status-publish","hentry"],"jetpack_sharing_enabled":true,"_links":{"self":[{"href":"https:\/\/cakeartak.pl\/index.php\/wp-json\/wp\/v2\/pages\/10320","targetHints":{"allow":["GET"]}}],"collection":[{"href":"https:\/\/cakeartak.pl\/index.php\/wp-json\/wp\/v2\/pages"}],"about":[{"href":"https:\/\/cakeartak.pl\/index.php\/wp-json\/wp\/v2\/types\/page"}],"author":[{"embeddable":true,"href":"https:\/\/cakeartak.pl\/index.php\/wp-json\/wp\/v2\/users\/1"}],"replies":[{"embeddable":true,"href":"https:\/\/cakeartak.pl\/index.php\/wp-json\/wp\/v2\/comments?post=10320"}],"version-history":[{"count":0,"href":"https:\/\/cakeartak.pl\/index.php\/wp-json\/wp\/v2\/pages\/10320\/revisions"}],"wp:attachment":[{"href":"https:\/\/cakeartak.pl\/index.php\/wp-json\/wp\/v2\/media?parent=10320"}],"curies":[{"name":"wp","href":"https:\/\/api.w.org\/{rel}","templated":true}]}}