{"id":10835,"date":"2024-10-26T13:05:45","date_gmt":"2024-10-26T11:05:45","guid":{"rendered":"https:\/\/cakeartak.pl\/?page_id=10835"},"modified":"2024-10-27T09:52:16","modified_gmt":"2024-10-27T08:52:16","slug":"ebook-tort-nowojorski","status":"publish","type":"page","link":"https:\/\/cakeartak.pl\/index.php\/ebook-tort-nowojorski\/","title":{"rendered":"Ebook tort nowojorski"},"content":{"rendered":"\t\t<div data-elementor-type=\"wp-page\" data-elementor-id=\"10835\" class=\"elementor elementor-10835\">\n\t\t\t\t<div class=\"elementor-element elementor-element-a8a4fbc e-flex e-con-boxed e-con e-parent\" data-id=\"a8a4fbc\" data-element_type=\"container\">\n\t\t\t\t\t<div class=\"e-con-inner\">\n\t\t\t\t<div class=\"elementor-element elementor-element-a1410d8 elementor-widget elementor-widget-heading\" data-id=\"a1410d8\" data-element_type=\"widget\" data-widget_type=\"heading.default\">\n\t\t\t\t<div class=\"elementor-widget-container\">\n\t\t\t<h2 class=\"elementor-heading-title elementor-size-default\">Tort nowojorski<\/h2>\t\t<\/div>\n\t\t\t\t<\/div>\n\t\t\t\t\t<\/div>\n\t\t\t\t<\/div>\n\t\t<div class=\"elementor-element elementor-element-c257c9b e-con-full e-flex e-con e-parent\" data-id=\"c257c9b\" data-element_type=\"container\" data-settings=\"{&quot;background_background&quot;:&quot;classic&quot;}\">\n\t\t<div class=\"elementor-element elementor-element-cde3aba e-con-full e-flex e-con e-child\" data-id=\"cde3aba\" data-element_type=\"container\">\n\t\t\t\t<div class=\"elementor-element elementor-element-984cc4f elementor-button-primary elementor-widget__width-initial elementor-widget-mobile__width-initial elementor-widget elementor-widget-xocora-price-table\" data-id=\"984cc4f\" data-element_type=\"widget\" data-widget_type=\"xocora-price-table.default\">\n\t\t\t\t<div class=\"elementor-widget-container\">\n\t\t\t\n        <div class=\"elementor-price-table\">\n                        <div class=\"elementor-price-table__wrapper-header\">\n                \n\n                                    <div class=\"elementor-price-table__header\">\n                                                    <h3 class=\"elementor-price-table__heading\">Ebook<\/h3>\n                                            <\/div>\n                \n\n                                    <div class=\"elementor-price-table__price\">\n                                                    <span class=\"elementor-price-table__currency\">z\u0142<\/span>\n                                                <span class=\"elementor-price-table__integer-part\">69<\/span>\n                        <span class=\"elementor-price-table__period\"><\/span>\n                    <\/div>\n                \n\n            <\/div>\n\n                            <ul class=\"elementor-price-table__features-list\">\n                                            <li class=\"elementor-repeater-item-0b69396\">\n                            <div class=\"elementor-price-table__feature-inner\">\n                                Tort nowojorski                            <\/div>\n                        <\/li>\n                                            <li class=\"elementor-repeater-item-75ad290\">\n                            <div class=\"elementor-price-table__feature-inner\">\n                                Przygotuj profesjonalny tort kt\u00f3ry zachwyci smakiem.                            <\/div>\n                        <\/li>\n                                    <\/ul>\n            \n                            <div class=\"elementor-price-table__footer\">\n                                            <a class=\"elementor-price-table__button elementor-button\" href=\"https:\/\/cakeartak.pl\/index.php\/produkt\/ebook-tort-nowojorski\/\">Zam\u00f3w<\/a>\n                                    <\/div>\n            \n        <\/div>\n        \t\t<\/div>\n\t\t\t\t<\/div>\n\t\t\t\t<\/div>\n\t\t<div class=\"elementor-element elementor-element-a3cf4e9 e-con-full e-flex e-con e-child\" data-id=\"a3cf4e9\" data-element_type=\"container\">\n\t\t\t\t<div class=\"elementor-element elementor-element-61b036c elementor-widget__width-initial elementor-widget-tablet_extra__width-inherit elementor-widget elementor-widget-heading\" data-id=\"61b036c\" data-element_type=\"widget\" data-widget_type=\"heading.default\">\n\t\t\t\t<div class=\"elementor-widget-container\">\n\t\t\t<h2 class=\"elementor-heading-title elementor-size-default\">Ebook tort nowojorski<\/h2>\t\t<\/div>\n\t\t\t\t<\/div>\n\t\t\t\t<div class=\"elementor-element elementor-element-a1771ac elementor-widget__width-initial elementor-widget-mobile__width-initial elementor-widget elementor-widget-text-editor\" data-id=\"a1771ac\" data-element_type=\"widget\" data-widget_type=\"text-editor.default\">\n\t\t\t\t<div class=\"elementor-widget-container\">\n\t\t\t\t\t\t\t<p>Ten ebook zosta\u0142 stworzony dla wszystkich kt\u00f3rzy chc\u0105 przygotowa\u0107 profesjonalny tort kt\u00f3ry zachwyci smakiem i wygl\u0105dem wszystkich, kt\u00f3rzy go spr\u00f3buj\u0105.<br \/>Je\u015bli chcesz spr\u00f3bowa\u0107 swoich si\u0142 w cukiernictwie ale brakuje ci sprawdzonych i<br \/>dobrych przepis\u00f3w to w\u0142a\u015bnie ten ebook b\u0119dzie dla ciebie idealny!<\/p>\t\t\t\t\t\t<\/div>\n\t\t\t\t<\/div>\n\t\t\t\t<\/div>\n\t\t\t\t<\/div>\n\t\t<div class=\"elementor-element elementor-element-40db3e8 e-flex e-con-boxed e-con e-parent\" data-id=\"40db3e8\" data-element_type=\"container\">\n\t\t\t\t\t<div class=\"e-con-inner\">\n\t\t\t\t<div class=\"elementor-element elementor-element-58091f2 elementor-widget elementor-widget-heading\" data-id=\"58091f2\" data-element_type=\"widget\" data-widget_type=\"heading.default\">\n\t\t\t\t<div class=\"elementor-widget-container\">\n\t\t\t<h2 class=\"elementor-heading-title elementor-size-default\">EFEKT KO\u0143COWY<\/h2>\t\t<\/div>\n\t\t\t\t<\/div>\n\t\t\t\t\t<\/div>\n\t\t\t\t<\/div>\n\t\t<div class=\"elementor-element elementor-element-f428ce3 e-grid e-con-boxed e-con e-parent\" data-id=\"f428ce3\" data-element_type=\"container\">\n\t\t\t\t\t<div class=\"e-con-inner\">\n\t\t\t\t<div class=\"elementor-element elementor-element-b3064c8 elementor-widget elementor-widget-image\" data-id=\"b3064c8\" data-element_type=\"widget\" data-widget_type=\"image.default\">\n\t\t\t\t<div class=\"elementor-widget-container\">\n\t\t\t\t\t\t\t\t\t\t\t\t\t<img data-recalc-dims=\"1\" height=\"600\" width=\"600\" decoding=\"async\" src=\"https:\/\/i0.wp.com\/cakeartak.pl\/wp-content\/uploads\/2024\/10\/nowojorski-600x600.png?resize=600%2C600&#038;ssl=1\" title=\"nowojorski\" alt=\"\" loading=\"lazy\" \/>\t\t\t\t\t\t\t\t\t\t\t\t\t<\/div>\n\t\t\t\t<\/div>\n\t\t\t\t<div class=\"elementor-element elementor-element-3baa636 elementor-widget elementor-widget-image\" data-id=\"3baa636\" data-element_type=\"widget\" data-widget_type=\"image.default\">\n\t\t\t\t<div class=\"elementor-widget-container\">\n\t\t\t\t\t\t\t\t\t\t\t\t\t<img data-recalc-dims=\"1\" height=\"600\" width=\"600\" decoding=\"async\" src=\"https:\/\/i0.wp.com\/cakeartak.pl\/wp-content\/uploads\/2024\/10\/nowojorski_1-600x600.png?resize=600%2C600&#038;ssl=1\" title=\"nowojorski_1\" alt=\"\" loading=\"lazy\" \/>\t\t\t\t\t\t\t\t\t\t\t\t\t<\/div>\n\t\t\t\t<\/div>\n\t\t\t\t<div class=\"elementor-element elementor-element-edfb83e elementor-widget elementor-widget-image\" data-id=\"edfb83e\" data-element_type=\"widget\" data-widget_type=\"image.default\">\n\t\t\t\t<div class=\"elementor-widget-container\">\n\t\t\t\t\t\t\t\t\t\t\t\t\t<img data-recalc-dims=\"1\" height=\"600\" width=\"600\" decoding=\"async\" src=\"https:\/\/i0.wp.com\/cakeartak.pl\/wp-content\/uploads\/2024\/10\/IMG_0967-600x600.jpg?resize=600%2C600&#038;ssl=1\" title=\"Screenshot\" alt=\"\" loading=\"lazy\" \/>\t\t\t\t\t\t\t\t\t\t\t\t\t<\/div>\n\t\t\t\t<\/div>\n\t\t\t\t\t<\/div>\n\t\t\t\t<\/div>\n\t\t<div class=\"elementor-element elementor-element-9519dc0 e-grid e-con-boxed e-con e-parent\" data-id=\"9519dc0\" data-element_type=\"container\">\n\t\t\t\t\t<div class=\"e-con-inner\">\n\t\t<div class=\"elementor-element elementor-element-1d0b43f e-con-full e-flex e-con e-child\" data-id=\"1d0b43f\" data-element_type=\"container\">\n\t\t\t\t<div class=\"elementor-element elementor-element-aaf39b7 elementor-widget__width-inherit elementor-widget elementor-widget-heading\" data-id=\"aaf39b7\" data-element_type=\"widget\" data-widget_type=\"heading.default\">\n\t\t\t\t<div class=\"elementor-widget-container\">\n\t\t\t<div class=\"elementor-heading-title elementor-size-default\">EBOOK ZAWIERA<\/div>\t\t<\/div>\n\t\t\t\t<\/div>\n\t\t\t\t<\/div>\n\t\t\t\t<div class=\"elementor-element elementor-element-ecf852c elementor-widget elementor-widget-text-editor\" data-id=\"ecf852c\" data-element_type=\"widget\" data-widget_type=\"text-editor.default\">\n\t\t\t\t<div class=\"elementor-widget-container\">\n\t\t\t\t\t\t\t<ul>\n<li>kompletny opis do<\/li>\n<li>ka\u017cdego przepisu<\/li>\n<li>instrukcje oraz schemat z\u0142o\u017cenia tortu<\/li>\n<li>przepis na biszkopt na bazie palonego mas\u0142a<\/li>\n<li>przepis na krem na bazie bia\u0142ej czekolady (bez \u017celatyny)<\/li>\n<li>przepis na coulis truskawkowe<\/li>\n<li>przepis na sernik nowojorski<\/li>\n<li>przepis na czekoladow\u0105 chrupk\u0119<\/li>\n<li>przepis na sprawdzony tynk<\/li>\n<li>list\u0119 potrzebnych akcesori\u00f3w do przygotowania<\/li>\n<li>zdj\u0119cia kt\u00f3re podpowiedz\u0105 ci jak powinien wygl\u0105da\u0107 gotowy produkt<\/li>\n<\/ul>\n<p><b>Je\u015bli nie jeste\u015b pewien czy dasz rad\u0119 przygotowa\u0107 tort samodzielnie, polecam ci moje szkolenie online !&nbsp;<\/b><\/p><p><b>Szkolenie zawiera ponad godzinny film instrukta\u017cowy i przeznaczony jest dla os\u00f3b pocz\u0105tkuj\u0105cych oraz \u015bredniozaawansowanych.<\/b><\/p>\n<p><b>Produkt wysy\u0142any jest drog\u0105 elektroniczn\u0105 w postaci linku do pobrania, wa\u017cno\u015b\u0107 linku to<br>30 dni od daty dostarczenia. Pobrany plik mo\u017cesz przechowywa\u0107 na swoim komputerze<br>tyle ile chcesz<\/b> <img decoding=\"async\" class=\"emoji\" role=\"img\" draggable=\"false\" src=\"https:\/\/s.w.org\/images\/core\/emoji\/15.0.3\/svg\/1f642.svg\" alt=\"\ud83d\ude42\"><\/p>\n<p>Kupuj\u0105c ten produkt wyra\u017casz zgod\u0119 na utrat\u0119 prawa do odst\u0105pienia od umowy w ci\u0105gu 14 dni.<\/p>\t\t\t\t\t\t<\/div>\n\t\t\t\t<\/div>\n\t\t\t\t\t<\/div>\n\t\t\t\t<\/div>\n\t\t<div class=\"elementor-element elementor-element-1793e71 e-grid e-con-boxed e-con e-parent\" data-id=\"1793e71\" data-element_type=\"container\">\n\t\t\t\t\t<div class=\"e-con-inner\">\n\t\t\t\t<div class=\"elementor-element elementor-element-1a78307 elementor-widget elementor-widget-heading\" data-id=\"1a78307\" data-element_type=\"widget\" data-widget_type=\"heading.default\">\n\t\t\t\t<div class=\"elementor-widget-container\">\n\t\t\t<h2 class=\"elementor-heading-title elementor-size-default\">Angelika Kusik<\/h2>\t\t<\/div>\n\t\t\t\t<\/div>\n\t\t\t\t\t<\/div>\n\t\t\t\t<\/div>\n\t\t\t\t<\/div>\n\t\t","protected":false},"excerpt":{"rendered":"<p>Tort nowojorski Ebook z\u0142 69 Tort nowojorski Przygotuj profesjonalny tort kt\u00f3ry zachwyci smakiem. Zam\u00f3w Ebook tort nowojorski Ten ebook zosta\u0142 stworzony dla wszystkich kt\u00f3rzy chc\u0105 przygotowa\u0107 profesjonalny tort kt\u00f3ry zachwyci smakiem i wygl\u0105dem wszystkich, kt\u00f3rzy go spr\u00f3buj\u0105.Je\u015bli chcesz spr\u00f3bowa\u0107 swoich si\u0142 w cukiernictwie ale brakuje ci sprawdzonych idobrych przepis\u00f3w to w\u0142a\u015bnie ten ebook b\u0119dzie dla [&hellip;]<\/p>\n","protected":false},"author":1,"featured_media":0,"parent":0,"menu_order":0,"comment_status":"closed","ping_status":"closed","template":"template-homepage.php","meta":{"footnotes":""},"class_list":["post-10835","page","type-page","status-publish","hentry"],"jetpack_sharing_enabled":true,"_links":{"self":[{"href":"https:\/\/cakeartak.pl\/index.php\/wp-json\/wp\/v2\/pages\/10835","targetHints":{"allow":["GET"]}}],"collection":[{"href":"https:\/\/cakeartak.pl\/index.php\/wp-json\/wp\/v2\/pages"}],"about":[{"href":"https:\/\/cakeartak.pl\/index.php\/wp-json\/wp\/v2\/types\/page"}],"author":[{"embeddable":true,"href":"https:\/\/cakeartak.pl\/index.php\/wp-json\/wp\/v2\/users\/1"}],"replies":[{"embeddable":true,"href":"https:\/\/cakeartak.pl\/index.php\/wp-json\/wp\/v2\/comments?post=10835"}],"version-history":[{"count":0,"href":"https:\/\/cakeartak.pl\/index.php\/wp-json\/wp\/v2\/pages\/10835\/revisions"}],"wp:attachment":[{"href":"https:\/\/cakeartak.pl\/index.php\/wp-json\/wp\/v2\/media?parent=10835"}],"curies":[{"name":"wp","href":"https:\/\/api.w.org\/{rel}","templated":true}]}}