{"id":10842,"date":"2024-10-26T13:20:19","date_gmt":"2024-10-26T11:20:19","guid":{"rendered":"https:\/\/cakeartak.pl\/?page_id=10842"},"modified":"2024-10-30T09:07:14","modified_gmt":"2024-10-30T08:07:14","slug":"szkolenie-z-tortu-nowojorskiego","status":"publish","type":"page","link":"https:\/\/cakeartak.pl\/index.php\/szkolenie-z-tortu-nowojorskiego\/","title":{"rendered":"Szkolenie z tortu nowojorskiego"},"content":{"rendered":"\t\t<div data-elementor-type=\"wp-page\" data-elementor-id=\"10842\" class=\"elementor elementor-10842\">\n\t\t\t\t<div class=\"elementor-element elementor-element-a8a4fbc e-flex e-con-boxed e-con e-parent\" data-id=\"a8a4fbc\" data-element_type=\"container\">\n\t\t\t\t\t<div class=\"e-con-inner\">\n\t\t\t\t<div class=\"elementor-element elementor-element-a1410d8 elementor-widget elementor-widget-heading\" data-id=\"a1410d8\" data-element_type=\"widget\" data-widget_type=\"heading.default\">\n\t\t\t\t<div class=\"elementor-widget-container\">\n\t\t\t<h2 class=\"elementor-heading-title elementor-size-default\">SZKOLENIE Z TORTU NOWOJORSKIEGO<\/h2>\t\t<\/div>\n\t\t\t\t<\/div>\n\t\t\t\t\t<\/div>\n\t\t\t\t<\/div>\n\t\t<div class=\"elementor-element elementor-element-c257c9b e-con-full e-flex e-con e-parent\" data-id=\"c257c9b\" data-element_type=\"container\" data-settings=\"{&quot;background_background&quot;:&quot;gradient&quot;}\">\n\t\t<div class=\"elementor-element elementor-element-cde3aba e-con-full e-flex e-con e-child\" data-id=\"cde3aba\" data-element_type=\"container\">\n\t\t\t\t<div class=\"elementor-element elementor-element-984cc4f elementor-button-primary elementor-widget__width-initial elementor-widget-mobile__width-initial elementor-widget-tablet__width-initial elementor-widget elementor-widget-xocora-price-table\" data-id=\"984cc4f\" data-element_type=\"widget\" data-widget_type=\"xocora-price-table.default\">\n\t\t\t\t<div class=\"elementor-widget-container\">\n\t\t\t\n        <div class=\"elementor-price-table\">\n                        <div class=\"elementor-price-table__wrapper-header\">\n                \n\n                                    <div class=\"elementor-price-table__header\">\n                                                    <h3 class=\"elementor-price-table__heading\">Oferta szkoleniowa od<\/h3>\n                                            <\/div>\n                \n\n                                    <div class=\"elementor-price-table__price\">\n                                                    <span class=\"elementor-price-table__currency\">z\u0142<\/span>\n                                                <span class=\"elementor-price-table__integer-part\">159<\/span>\n                        <span class=\"elementor-price-table__period\"><\/span>\n                    <\/div>\n                \n\n            <\/div>\n\n                            <ul class=\"elementor-price-table__features-list\">\n                                            <li class=\"elementor-repeater-item-0b69396\">\n                            <div class=\"elementor-price-table__feature-inner\">\n                                Szkolenie z tortu nowojorskiego                            <\/div>\n                        <\/li>\n                                            <li class=\"elementor-repeater-item-75ad290\">\n                            <div class=\"elementor-price-table__feature-inner\">\n                                Dost\u0119pne w dw\u00f3ch wariantach cenowych                            <\/div>\n                        <\/li>\n                                    <\/ul>\n            \n                            <div class=\"elementor-price-table__footer\">\n                                            <a class=\"elementor-price-table__button elementor-button\" href=\"https:\/\/cakeartak.pl\/index.php\/produkt\/szkolenie-z-tortu-nowojorskiego\/\">Zam\u00f3w<\/a>\n                                    <\/div>\n            \n        <\/div>\n        \t\t<\/div>\n\t\t\t\t<\/div>\n\t\t\t\t<\/div>\n\t\t<div class=\"elementor-element elementor-element-a3cf4e9 e-con-full e-flex e-con e-child\" data-id=\"a3cf4e9\" data-element_type=\"container\">\n\t\t\t\t<div class=\"elementor-element elementor-element-a1771ac elementor-widget__width-initial elementor-widget-mobile__width-initial elementor-widget elementor-widget-text-editor\" data-id=\"a1771ac\" data-element_type=\"widget\" data-widget_type=\"text-editor.default\">\n\t\t\t\t<div class=\"elementor-widget-container\">\n\t\t\t\t\t\t\t<p>To szkolenie zosta\u0142o stworzone dla wszystkich kt\u00f3rzy chc\u0105 przygotowa\u0107 profesjonalny tort kt\u00f3ry zachwyci smakiem i wygl\u0105dem wszystkich, kt\u00f3rzy go spr\u00f3buj\u0105. Je\u015bli chcesz spr\u00f3bowa\u0107 swoich si\u0142 w cukiernictwie ale brakuje ci wiedzy i do\u015bwiadczenia to szkolenie b\u0119dzie dla ciebie idealne!<\/p><ul><li><b>kompletny opis do ka\u017cdego przepisu<br \/>instrukcje oraz schemat z\u0142o\u017cenia tortu<\/b><\/li><li><b>przepis na biszkopt na bazie palonego mas\u0142a<\/b><\/li><li><b>przepis na krem na bazie bia\u0142ej czekolady (bez \u017celatyny)<\/b><\/li><li><b>przepis na coulis truskawkowe<\/b><\/li><li><b>przepis na sernik nowojorski<\/b><\/li><li><b>przepis na czekoladow\u0105 chrupk\u0119<\/b><\/li><li><b>przepis na sprawdzony tynk<\/b><\/li><li><b>list\u0119 potrzebnych akcesori\u00f3w do przygotowania<\/b><\/li><li><b>zdj\u0119cia kt\u00f3re podpowiedz\u0105 ci jak powinien wygl\u0105da\u0107 gotowy produkt<\/b><\/li><\/ul><p>\u00a0<\/p>\t\t\t\t\t\t<\/div>\n\t\t\t\t<\/div>\n\t\t\t\t<\/div>\n\t\t\t\t<\/div>\n\t\t<div class=\"elementor-element elementor-element-d27f114 e-grid e-con-full e-con e-parent\" data-id=\"d27f114\" data-element_type=\"container\">\n\t\t\t\t<div class=\"elementor-element elementor-element-4fce6a9 elementor-widget elementor-widget-image\" data-id=\"4fce6a9\" data-element_type=\"widget\" data-widget_type=\"image.default\">\n\t\t\t\t<div class=\"elementor-widget-container\">\n\t\t\t\t\t\t\t\t\t\t\t\t\t<img data-recalc-dims=\"1\" height=\"600\" width=\"600\" decoding=\"async\" src=\"https:\/\/i0.wp.com\/cakeartak.pl\/wp-content\/uploads\/2024\/10\/IMG_0967-600x600.jpg?resize=600%2C600&#038;ssl=1\" title=\"Screenshot\" alt=\"\" loading=\"lazy\" \/>\t\t\t\t\t\t\t\t\t\t\t\t\t<\/div>\n\t\t\t\t<\/div>\n\t\t\t\t<div class=\"elementor-element elementor-element-21868d4 elementor-widget elementor-widget-image\" data-id=\"21868d4\" data-element_type=\"widget\" data-widget_type=\"image.default\">\n\t\t\t\t<div class=\"elementor-widget-container\">\n\t\t\t\t\t\t\t\t\t\t\t\t\t<img data-recalc-dims=\"1\" height=\"600\" width=\"600\" decoding=\"async\" src=\"https:\/\/i0.wp.com\/cakeartak.pl\/wp-content\/uploads\/2024\/10\/nowojorski-600x600.png?resize=600%2C600&#038;ssl=1\" title=\"nowojorski\" alt=\"\" loading=\"lazy\" \/>\t\t\t\t\t\t\t\t\t\t\t\t\t<\/div>\n\t\t\t\t<\/div>\n\t\t\t\t<div class=\"elementor-element elementor-element-9bc7f27 elementor-widget elementor-widget-image\" data-id=\"9bc7f27\" data-element_type=\"widget\" data-widget_type=\"image.default\">\n\t\t\t\t<div class=\"elementor-widget-container\">\n\t\t\t\t\t\t\t\t\t\t\t\t\t<img data-recalc-dims=\"1\" height=\"600\" width=\"600\" decoding=\"async\" src=\"https:\/\/i0.wp.com\/cakeartak.pl\/wp-content\/uploads\/2024\/10\/nowojorski_1-600x600.png?resize=600%2C600&#038;ssl=1\" title=\"nowojorski_1\" alt=\"\" loading=\"lazy\" \/>\t\t\t\t\t\t\t\t\t\t\t\t\t<\/div>\n\t\t\t\t<\/div>\n\t\t\t\t<\/div>\n\t\t<div class=\"elementor-element elementor-element-bf30d21 e-grid e-con-full e-con e-parent\" data-id=\"bf30d21\" data-element_type=\"container\">\n\t\t\t\t<div class=\"elementor-element elementor-element-58091f2 elementor-widget__width-inherit elementor-widget elementor-widget-heading\" data-id=\"58091f2\" data-element_type=\"widget\" data-widget_type=\"heading.default\">\n\t\t\t\t<div class=\"elementor-widget-container\">\n\t\t\t<h2 class=\"elementor-heading-title elementor-size-default\">SZKOLENIE ZAWIERA<\/h2>\t\t<\/div>\n\t\t\t\t<\/div>\n\t\t\t\t<div class=\"elementor-element elementor-element-230afed elementor-widget__width-initial elementor-widget elementor-widget-text-editor\" data-id=\"230afed\" data-element_type=\"widget\" data-widget_type=\"text-editor.default\">\n\t\t\t\t<div class=\"elementor-widget-container\">\n\t\t\t\t\t\t\t<p>Szkolenie zawiera prawie godzinny film instrukta\u017cowy na kt\u00f3rym dok\u0142adnie omawiany jest ka\u017cdy etap produkcji tortu, od upieczenia biszkoptu po udekorowanie gotowego wypieku.<\/p>\n<p>Dzi\u0119ki szkoleniu dowiesz si\u0119 jak prawid\u0142owo z\u0142o\u017cy\u0107, otynkowa\u0107 i udekorowa\u0107 sw\u00f3j tort.<\/p>\n<p>Dowiesz si\u0119 r\u00f3wnie\u017c jak upiec idealny biszkopt ma\u015blany, zrobi\u0107 przepyszne coulis, chrupk\u0119 czekoladow\u0105, sernik nowojorski oraz krem na bazie bia\u0142ej czekolady&nbsp;<img decoding=\"async\" class=\"emoji\" role=\"img\" draggable=\"false\" src=\"https:\/\/s.w.org\/images\/core\/emoji\/15.0.3\/svg\/2764.svg\" alt=\"\u2764\ufe0f\">&nbsp;<\/p><p>Do szkolenia w ramach karty technologicznej do\u0142\u0105czony jest r\u00f3wnie\u017c pe\u0142nowymiarowy ebook, kt\u00f3ry zawiera:<\/p>\n<ul>\n<li><b>instrukcje oraz schemat z\u0142o\u017cenia tortu<\/b><\/li>\n<li><b>przepis na biszkopt na bazie palonego mas\u0142a<\/b><\/li>\n<li><b>przepis na krem na bazie bia\u0142ej czekolady (bez \u017celatyny)<\/b><\/li>\n<li><b>przepis na coulis truskawkowe<\/b><\/li>\n<li><b>przepis na sernik nowojorski<\/b><\/li>\n<li><b>przepis na czekoladow\u0105 chrupk\u0119<\/b><\/li>\n<li><b>przepis na sprawdzony tynk<\/b><\/li>\n<li><b>list\u0119 potrzebnych akcesori\u00f3w do przygotowania<\/b><\/li>\n<li><b>zdj\u0119cia kt\u00f3re podpowiedz\u0105 ci jak powinien wygl\u0105da\u0107 gotowy produkt<\/b><\/li>\n<\/ul>\n<p>Je\u015bli nie jeste\u015b pewien czy dasz rad\u0119 przygotowa\u0107 tort samodzielnie, polecam ci wybra\u0107 wersje ze wsparciem. Przez miesi\u0105c jeste\u015bmy w kontakcie, wsp\u00f3lnie analizujemy i omawiamy twoje b\u0142\u0119dy.<\/p>\n<p>Produkt wysy\u0142any jest drog\u0105 elektroniczn\u0105 w postaci linku do pobrania oraz filmu, wa\u017cno\u015b\u0107 linku to 30 dni od daty dostarczenia. Pobrany plik mo\u017cesz przechowywa\u0107 na swoim komputerze tyle ile chcesz <img decoding=\"async\" class=\"emoji\" role=\"img\" draggable=\"false\" src=\"https:\/\/s.w.org\/images\/core\/emoji\/15.0.3\/svg\/1f642.svg\" alt=\"\ud83d\ude42\"><\/p>\n<p>Kupuj\u0105c ten produkt wyra\u017casz zgod\u0119 na utrat\u0119 prawa do odst\u0105pienia od umowy w ci\u0105gu 14 dni.<\/p>\t\t\t\t\t\t<\/div>\n\t\t\t\t<\/div>\n\t\t\t\t<\/div>\n\t\t<div class=\"elementor-element elementor-element-40db3e8 e-flex e-con-boxed e-con e-parent\" data-id=\"40db3e8\" data-element_type=\"container\">\n\t\t\t\t\t<div class=\"e-con-inner\">\n\t\t<div class=\"elementor-element elementor-element-c10cc61 e-con-full e-flex e-con e-child\" data-id=\"c10cc61\" data-element_type=\"container\">\n\t\t\t\t<div class=\"elementor-element elementor-element-5813f78 elementor-widget elementor-widget-heading\" data-id=\"5813f78\" data-element_type=\"widget\" data-widget_type=\"heading.default\">\n\t\t\t\t<div class=\"elementor-widget-container\">\n\t\t\t<h2 class=\"elementor-heading-title elementor-size-default\">Angelika Kusik<\/h2>\t\t<\/div>\n\t\t\t\t<\/div>\n\t\t\t\t<\/div>\n\t\t\t\t\t<\/div>\n\t\t\t\t<\/div>\n\t\t\t\t<\/div>\n\t\t","protected":false},"excerpt":{"rendered":"<p>SZKOLENIE Z TORTU NOWOJORSKIEGO Oferta szkoleniowa od z\u0142 159 Szkolenie z tortu nowojorskiego Dost\u0119pne w dw\u00f3ch wariantach cenowych Zam\u00f3w To szkolenie zosta\u0142o stworzone dla wszystkich kt\u00f3rzy chc\u0105 przygotowa\u0107 profesjonalny tort kt\u00f3ry zachwyci smakiem i wygl\u0105dem wszystkich, kt\u00f3rzy go spr\u00f3buj\u0105. Je\u015bli chcesz spr\u00f3bowa\u0107 swoich si\u0142 w cukiernictwie ale brakuje ci wiedzy i do\u015bwiadczenia to szkolenie b\u0119dzie [&hellip;]<\/p>\n","protected":false},"author":1,"featured_media":0,"parent":0,"menu_order":0,"comment_status":"closed","ping_status":"closed","template":"template-homepage.php","meta":{"footnotes":""},"class_list":["post-10842","page","type-page","status-publish","hentry"],"jetpack_sharing_enabled":true,"_links":{"self":[{"href":"https:\/\/cakeartak.pl\/index.php\/wp-json\/wp\/v2\/pages\/10842","targetHints":{"allow":["GET"]}}],"collection":[{"href":"https:\/\/cakeartak.pl\/index.php\/wp-json\/wp\/v2\/pages"}],"about":[{"href":"https:\/\/cakeartak.pl\/index.php\/wp-json\/wp\/v2\/types\/page"}],"author":[{"embeddable":true,"href":"https:\/\/cakeartak.pl\/index.php\/wp-json\/wp\/v2\/users\/1"}],"replies":[{"embeddable":true,"href":"https:\/\/cakeartak.pl\/index.php\/wp-json\/wp\/v2\/comments?post=10842"}],"version-history":[{"count":3,"href":"https:\/\/cakeartak.pl\/index.php\/wp-json\/wp\/v2\/pages\/10842\/revisions"}],"predecessor-version":[{"id":11129,"href":"https:\/\/cakeartak.pl\/index.php\/wp-json\/wp\/v2\/pages\/10842\/revisions\/11129"}],"wp:attachment":[{"href":"https:\/\/cakeartak.pl\/index.php\/wp-json\/wp\/v2\/media?parent=10842"}],"curies":[{"name":"wp","href":"https:\/\/api.w.org\/{rel}","templated":true}]}}