{"id":11176,"date":"2024-11-18T16:32:07","date_gmt":"2024-11-18T15:32:07","guid":{"rendered":"https:\/\/cakeartak.pl\/?page_id=11176"},"modified":"2024-11-18T16:45:33","modified_gmt":"2024-11-18T15:45:33","slug":"figurka-jednorozec","status":"publish","type":"page","link":"https:\/\/cakeartak.pl\/index.php\/figurka-jednorozec\/","title":{"rendered":"Szkolenie z figurki jednoro\u017cec"},"content":{"rendered":"\t\t<div data-elementor-type=\"wp-page\" data-elementor-id=\"11176\" class=\"elementor elementor-11176\">\n\t\t\t\t<div class=\"elementor-element elementor-element-5b50e9f e-flex e-con-boxed e-con e-parent\" data-id=\"5b50e9f\" data-element_type=\"container\">\n\t\t\t\t\t<div class=\"e-con-inner\">\n\t\t\t\t<div class=\"elementor-element elementor-element-de4bf9b elementor-widget elementor-widget-heading\" data-id=\"de4bf9b\" data-element_type=\"widget\" data-widget_type=\"heading.default\">\n\t\t\t\t<div class=\"elementor-widget-container\">\n\t\t\t<h2 class=\"elementor-heading-title elementor-size-default\">SZKOLENIE JEDNORO\u017bEC<\/h2>\t\t<\/div>\n\t\t\t\t<\/div>\n\t\t\t\t\t<\/div>\n\t\t\t\t<\/div>\n\t\t<div class=\"elementor-element elementor-element-0afefaa e-con-full e-flex e-con e-parent\" data-id=\"0afefaa\" data-element_type=\"container\" data-settings=\"{&quot;background_background&quot;:&quot;gradient&quot;}\">\n\t\t<div class=\"elementor-element elementor-element-d3f34ab e-con-full e-flex e-con e-child\" data-id=\"d3f34ab\" data-element_type=\"container\">\n\t\t\t\t<div class=\"elementor-element elementor-element-b5f8c6d elementor-button-primary elementor-widget__width-initial elementor-widget-mobile__width-initial elementor-widget-tablet__width-initial elementor-widget elementor-widget-xocora-price-table\" data-id=\"b5f8c6d\" data-element_type=\"widget\" data-widget_type=\"xocora-price-table.default\">\n\t\t\t\t<div class=\"elementor-widget-container\">\n\t\t\t\n        <div class=\"elementor-price-table\">\n                        <div class=\"elementor-price-table__wrapper-header\">\n                \n\n                                    <div class=\"elementor-price-table__header\">\n                                                    <h3 class=\"elementor-price-table__heading\">Oferta szkoleniowa<\/h3>\n                                            <\/div>\n                \n\n                                    <div class=\"elementor-price-table__price\">\n                                                    <span class=\"elementor-price-table__currency\">z\u0142<\/span>\n                                                <span class=\"elementor-price-table__integer-part\">89<\/span>\n                        <span class=\"elementor-price-table__period\"><\/span>\n                    <\/div>\n                \n\n            <\/div>\n\n                            <ul class=\"elementor-price-table__features-list\">\n                                            <li class=\"elementor-repeater-item-0b69396\">\n                            <div class=\"elementor-price-table__feature-inner\">\n                                Szkolenie z figurki jednoro\u017cca                            <\/div>\n                        <\/li>\n                                    <\/ul>\n            \n                            <div class=\"elementor-price-table__footer\">\n                                            <a class=\"elementor-price-table__button elementor-button\" href=\"https:\/\/cakeartak.pl\/index.php\/produkt\/figurka-jednorozec\/\">Zam\u00f3w<\/a>\n                                    <\/div>\n            \n        <\/div>\n        \t\t<\/div>\n\t\t\t\t<\/div>\n\t\t\t\t<\/div>\n\t\t<div class=\"elementor-element elementor-element-4e23ee5 e-con-full e-flex e-con e-child\" data-id=\"4e23ee5\" data-element_type=\"container\">\n\t\t\t\t<div class=\"elementor-element elementor-element-e767fe3 elementor-widget__width-initial elementor-widget-mobile__width-initial elementor-widget elementor-widget-text-editor\" data-id=\"e767fe3\" data-element_type=\"widget\" data-widget_type=\"text-editor.default\">\n\t\t\t\t<div class=\"elementor-widget-container\">\n\t\t\t\t\t\t\t<p>To szkolenie online zosta\u0142o stworzone dla wszystkich kt\u00f3rzy chc\u0105 nauczy\u0107 si\u0119 jak poprawnie wykona\u0107 figurk\u0119 z masy cukrowej!<\/p><p>Szkolenie opr\u00f3cz prawie godzinnego nagrania z dok\u0142adnym wyja\u015bnieniem, zawiera r\u00f3wnie\u017c skrypt szkoleniowy.<\/p><div>Z tego szkolenia dowiesz si\u0119 :\u00a0<\/div><div>\u00a0<\/div><ul><li><strong>jak barwi\u0107 mas\u0119 cukrow\u0105<\/strong><\/li><li><strong>jakie proporcje powinna mie\u0107 idealna figurka z masy cukrowej<\/strong><\/li><li><strong>jak modelowa\u0107 poszczeg\u00f3lne elementy figurki<\/strong><\/li><li><strong>jak malowa\u0107 realistyczne oczy z pomoc\u0105 barwnik\u00f3w pudrowych<\/strong><\/li><li><strong>jak \u0142\u0105czy\u0107 elementy figurki<\/strong><\/li><li><strong>dowiesz si\u0119 jakich produkt\u00f3w najlepiej u\u017cywa\u0107<\/strong><\/li><\/ul>\t\t\t\t\t\t<\/div>\n\t\t\t\t<\/div>\n\t\t\t\t<\/div>\n\t\t\t\t<\/div>\n\t\t<div class=\"elementor-element elementor-element-a8d31a1 e-grid e-con-full e-con e-parent\" data-id=\"a8d31a1\" data-element_type=\"container\">\n\t\t\t\t<div class=\"elementor-element elementor-element-063fd5d elementor-widget elementor-widget-image\" data-id=\"063fd5d\" data-element_type=\"widget\" data-widget_type=\"image.default\">\n\t\t\t\t<div class=\"elementor-widget-container\">\n\t\t\t\t\t\t\t\t\t\t\t\t\t<img fetchpriority=\"high\" decoding=\"async\" width=\"460\" height=\"460\" src=\"https:\/\/i0.wp.com\/cakeartak.pl\/wp-content\/uploads\/2024\/11\/1.png?resize=460%2C460&amp;ssl=1\" class=\"attachment-woosq size-woosq wp-image-11181\" alt=\"\" srcset=\"https:\/\/i0.wp.com\/cakeartak.pl\/wp-content\/uploads\/2024\/11\/1.png?resize=150%2C150&amp;ssl=1 150w, https:\/\/i0.wp.com\/cakeartak.pl\/wp-content\/uploads\/2024\/11\/1.png?resize=100%2C100&amp;ssl=1 100w, https:\/\/i0.wp.com\/cakeartak.pl\/wp-content\/uploads\/2024\/11\/1.png?resize=50%2C50&amp;ssl=1 50w, https:\/\/i0.wp.com\/cakeartak.pl\/wp-content\/uploads\/2024\/11\/1.png?resize=460%2C460&amp;ssl=1 460w, https:\/\/i0.wp.com\/cakeartak.pl\/wp-content\/uploads\/2024\/11\/1.png?zoom=2&amp;resize=460%2C460 920w\" sizes=\"(max-width: 460px) 100vw, 460px\" \/>\t\t\t\t\t\t\t\t\t\t\t\t\t<\/div>\n\t\t\t\t<\/div>\n\t\t\t\t<div class=\"elementor-element elementor-element-022b435 elementor-widget elementor-widget-image\" data-id=\"022b435\" data-element_type=\"widget\" data-widget_type=\"image.default\">\n\t\t\t\t<div class=\"elementor-widget-container\">\n\t\t\t\t\t\t\t\t\t\t\t\t\t<img decoding=\"async\" width=\"460\" height=\"460\" src=\"https:\/\/i0.wp.com\/cakeartak.pl\/wp-content\/uploads\/2024\/11\/3.png?resize=460%2C460&amp;ssl=1\" class=\"attachment-woosq size-woosq wp-image-11182\" alt=\"\" srcset=\"https:\/\/i0.wp.com\/cakeartak.pl\/wp-content\/uploads\/2024\/11\/3.png?resize=150%2C150&amp;ssl=1 150w, https:\/\/i0.wp.com\/cakeartak.pl\/wp-content\/uploads\/2024\/11\/3.png?resize=100%2C100&amp;ssl=1 100w, https:\/\/i0.wp.com\/cakeartak.pl\/wp-content\/uploads\/2024\/11\/3.png?resize=50%2C50&amp;ssl=1 50w, https:\/\/i0.wp.com\/cakeartak.pl\/wp-content\/uploads\/2024\/11\/3.png?resize=460%2C460&amp;ssl=1 460w, https:\/\/i0.wp.com\/cakeartak.pl\/wp-content\/uploads\/2024\/11\/3.png?zoom=2&amp;resize=460%2C460 920w\" sizes=\"(max-width: 460px) 100vw, 460px\" \/>\t\t\t\t\t\t\t\t\t\t\t\t\t<\/div>\n\t\t\t\t<\/div>\n\t\t\t\t<div class=\"elementor-element elementor-element-7baec2f elementor-widget elementor-widget-image\" data-id=\"7baec2f\" data-element_type=\"widget\" data-widget_type=\"image.default\">\n\t\t\t\t<div class=\"elementor-widget-container\">\n\t\t\t\t\t\t\t\t\t\t\t\t\t<img decoding=\"async\" width=\"460\" height=\"460\" src=\"https:\/\/i0.wp.com\/cakeartak.pl\/wp-content\/uploads\/2024\/11\/2-min.png?resize=460%2C460&amp;ssl=1\" class=\"attachment-woosq size-woosq wp-image-11184\" alt=\"\" srcset=\"https:\/\/i0.wp.com\/cakeartak.pl\/wp-content\/uploads\/2024\/11\/2-min.png?resize=150%2C150&amp;ssl=1 150w, https:\/\/i0.wp.com\/cakeartak.pl\/wp-content\/uploads\/2024\/11\/2-min.png?resize=100%2C100&amp;ssl=1 100w, https:\/\/i0.wp.com\/cakeartak.pl\/wp-content\/uploads\/2024\/11\/2-min.png?resize=50%2C50&amp;ssl=1 50w, https:\/\/i0.wp.com\/cakeartak.pl\/wp-content\/uploads\/2024\/11\/2-min.png?resize=460%2C460&amp;ssl=1 460w, https:\/\/i0.wp.com\/cakeartak.pl\/wp-content\/uploads\/2024\/11\/2-min.png?zoom=2&amp;resize=460%2C460 920w\" sizes=\"(max-width: 460px) 100vw, 460px\" \/>\t\t\t\t\t\t\t\t\t\t\t\t\t<\/div>\n\t\t\t\t<\/div>\n\t\t\t\t<\/div>\n\t\t<div class=\"elementor-element elementor-element-be516d7 e-grid e-con-full e-con e-parent\" data-id=\"be516d7\" data-element_type=\"container\">\n\t\t\t\t<\/div>\n\t\t<div class=\"elementor-element elementor-element-08e0994 e-flex e-con-boxed e-con e-parent\" data-id=\"08e0994\" data-element_type=\"container\">\n\t\t\t\t\t<div class=\"e-con-inner\">\n\t\t<div class=\"elementor-element elementor-element-3db75d7 e-con-full e-flex e-con e-child\" data-id=\"3db75d7\" data-element_type=\"container\">\n\t\t\t\t<div class=\"elementor-element elementor-element-6ddae2b elementor-widget elementor-widget-heading\" data-id=\"6ddae2b\" data-element_type=\"widget\" data-widget_type=\"heading.default\">\n\t\t\t\t<div class=\"elementor-widget-container\">\n\t\t\t<h2 class=\"elementor-heading-title elementor-size-default\">Angelika Kusik<\/h2>\t\t<\/div>\n\t\t\t\t<\/div>\n\t\t\t\t<\/div>\n\t\t\t\t\t<\/div>\n\t\t\t\t<\/div>\n\t\t\t\t<\/div>\n\t\t","protected":false},"excerpt":{"rendered":"<p>SZKOLENIE JEDNORO\u017bEC Oferta szkoleniowa z\u0142 89 Szkolenie z figurki jednoro\u017cca Zam\u00f3w To szkolenie online zosta\u0142o stworzone dla wszystkich kt\u00f3rzy chc\u0105 nauczy\u0107 si\u0119 jak poprawnie wykona\u0107 figurk\u0119 z masy cukrowej! Szkolenie opr\u00f3cz prawie godzinnego nagrania z dok\u0142adnym wyja\u015bnieniem, zawiera r\u00f3wnie\u017c skrypt szkoleniowy. Z tego szkolenia dowiesz si\u0119 :\u00a0\u00a0 jak barwi\u0107 mas\u0119 cukrow\u0105 jakie proporcje powinna mie\u0107 [&hellip;]<\/p>\n","protected":false},"author":1,"featured_media":0,"parent":0,"menu_order":0,"comment_status":"closed","ping_status":"closed","template":"","meta":{"footnotes":""},"class_list":["post-11176","page","type-page","status-publish","hentry"],"jetpack_sharing_enabled":true,"_links":{"self":[{"href":"https:\/\/cakeartak.pl\/index.php\/wp-json\/wp\/v2\/pages\/11176","targetHints":{"allow":["GET"]}}],"collection":[{"href":"https:\/\/cakeartak.pl\/index.php\/wp-json\/wp\/v2\/pages"}],"about":[{"href":"https:\/\/cakeartak.pl\/index.php\/wp-json\/wp\/v2\/types\/page"}],"author":[{"embeddable":true,"href":"https:\/\/cakeartak.pl\/index.php\/wp-json\/wp\/v2\/users\/1"}],"replies":[{"embeddable":true,"href":"https:\/\/cakeartak.pl\/index.php\/wp-json\/wp\/v2\/comments?post=11176"}],"version-history":[{"count":11,"href":"https:\/\/cakeartak.pl\/index.php\/wp-json\/wp\/v2\/pages\/11176\/revisions"}],"predecessor-version":[{"id":11194,"href":"https:\/\/cakeartak.pl\/index.php\/wp-json\/wp\/v2\/pages\/11176\/revisions\/11194"}],"wp:attachment":[{"href":"https:\/\/cakeartak.pl\/index.php\/wp-json\/wp\/v2\/media?parent=11176"}],"curies":[{"name":"wp","href":"https:\/\/api.w.org\/{rel}","templated":true}]}}