{"id":1503,"date":"2021-11-04T01:44:58","date_gmt":"2021-11-04T01:44:58","guid":{"rendered":"https:\/\/demo2wpopal.b-cdn.net\/xocora\/?page_id=1503"},"modified":"2024-10-27T13:05:09","modified_gmt":"2024-10-27T12:05:09","slug":"home-3","status":"publish","type":"page","link":"https:\/\/cakeartak.pl\/","title":{"rendered":"Home 3"},"content":{"rendered":"\t\t<div data-elementor-type=\"wp-page\" data-elementor-id=\"1503\" class=\"elementor elementor-1503\">\n\t\t\t\t\t\t<div class=\"elementor-section elementor-top-section elementor-element elementor-element-bd0ba0d elementor-section-full_width elementor-section-stretched elementor-section-height-default elementor-section-height-default\" data-id=\"bd0ba0d\" data-element_type=\"section\" data-settings=\"{&quot;stretch_section&quot;:&quot;section-stretched&quot;,&quot;background_background&quot;:&quot;gradient&quot;}\">\n\t\t\t\t\t\t<div class=\"elementor-container elementor-column-gap-no\">\n\t\t\t\t\t<div class=\"elementor-column elementor-col-100 elementor-top-column elementor-element elementor-element-45e5527\" data-id=\"45e5527\" data-element_type=\"column\">\n\t\t\t<div class=\"elementor-widget-wrap elementor-element-populated\">\n\t\t\t\t\t\t<div class=\"elementor-section elementor-inner-section elementor-element elementor-element-2129e3b elementor-section-boxed elementor-section-height-default elementor-section-height-default\" data-id=\"2129e3b\" data-element_type=\"section\" data-settings=\"{&quot;background_background&quot;:&quot;classic&quot;}\">\n\t\t\t\t\t\t<div class=\"elementor-container elementor-column-gap-no\">\n\t\t\t\t\t<div class=\"elementor-column elementor-col-50 elementor-inner-column elementor-element elementor-element-774ca82\" data-id=\"774ca82\" data-element_type=\"column\">\n\t\t\t<div class=\"elementor-widget-wrap elementor-element-populated\">\n\t\t\t\t\t\t<div class=\"elementor-element elementor-element-8d011db elementor-widget__width-initial elementor-widget-tablet_extra__width-initial elementor-widget-mobile__width-initial elementor-widget-laptop__width-initial elementor-widget-mobile_extra__width-initial elementor-widget elementor-widget-heading\" data-id=\"8d011db\" data-element_type=\"widget\" data-widget_type=\"heading.default\">\n\t\t\t\t<div class=\"elementor-widget-container\">\n\t\t\t<h2 class=\"elementor-heading-title elementor-size-default\">Szkolenia cukiernicze dla ka\u017cdego<\/h2>\t\t<\/div>\n\t\t\t\t<\/div>\n\t\t\t\t<div class=\"elementor-element elementor-element-a08fd8b elementor-widget__width-initial elementor-widget-tablet_extra__width-initial elementor-widget-mobile__width-initial elementor-widget-laptop__width-initial elementor-widget elementor-widget-text-editor\" data-id=\"a08fd8b\" data-element_type=\"widget\" data-widget_type=\"text-editor.default\">\n\t\t\t\t<div class=\"elementor-widget-container\">\n\t\t\t\t\t\t\t<p>autorskie przepisy, nowoczesne receptury<\/p><p>\u201ePoka\u017ce ci jak w prosty spos\u00f3b przygotowa\u0107 tort twoich marze\u0144\u201d<\/p>\t\t\t\t\t\t<\/div>\n\t\t\t\t<\/div>\n\t\t\t\t<div class=\"elementor-element elementor-element-46687ed elementor-button-info elementor-align-right elementor-mobile-align-center button-divider-xocora-yes elementor-widget elementor-widget-button\" data-id=\"46687ed\" data-element_type=\"widget\" data-widget_type=\"button.default\">\n\t\t\t\t<div class=\"elementor-widget-container\">\n\t\t\t\t\t\t\t<div class=\"elementor-button-wrapper\">\n\t\t\t\t\t<a class=\"elementor-button elementor-button-link elementor-size-xs\" href=\"https:\/\/cakeartak.pl\/index.php\/szkolenia-stacjonarne\/\">\n\t\t\t\t\t\t<span class=\"elementor-button-content-wrapper\">\n\t\t\t\t\t\t\t\t\t<span class=\"elementor-button-text\">Chc\u0119 kupi\u0107 szkolenie<\/span>\n\t\t\t\t\t<\/span>\n\t\t\t\t\t<\/a>\n\t\t\t\t<\/div>\n\t\t\t\t\t\t<\/div>\n\t\t\t\t<\/div>\n\t\t\t\t\t<\/div>\n\t\t<\/div>\n\t\t\t\t<div class=\"elementor-column elementor-col-50 elementor-inner-column elementor-element elementor-element-01aae7c\" data-id=\"01aae7c\" data-element_type=\"column\">\n\t\t\t<div class=\"elementor-widget-wrap elementor-element-populated\">\n\t\t\t\t\t\t<div class=\"elementor-element elementor-element-b1b007e elementor-widget elementor-widget-image\" data-id=\"b1b007e\" data-element_type=\"widget\" data-widget_type=\"image.default\">\n\t\t\t\t<div class=\"elementor-widget-container\">\n\t\t\t\t\t\t\t\t\t\t\t\t\t<img fetchpriority=\"high\" decoding=\"async\" width=\"1284\" height=\"1830\" src=\"https:\/\/i0.wp.com\/cakeartak.pl\/wp-content\/uploads\/2024\/09\/IMG_8543.jpg?fit=1284%2C1830&amp;ssl=1\" class=\"attachment-full size-full wp-image-10410\" alt=\"\" srcset=\"https:\/\/i0.wp.com\/cakeartak.pl\/wp-content\/uploads\/2024\/09\/IMG_8543.jpg?w=1284&amp;ssl=1 1284w, https:\/\/i0.wp.com\/cakeartak.pl\/wp-content\/uploads\/2024\/09\/IMG_8543.jpg?resize=450%2C641&amp;ssl=1 450w, https:\/\/i0.wp.com\/cakeartak.pl\/wp-content\/uploads\/2024\/09\/IMG_8543.jpg?resize=700%2C998&amp;ssl=1 700w, https:\/\/i0.wp.com\/cakeartak.pl\/wp-content\/uploads\/2024\/09\/IMG_8543.jpg?resize=210%2C300&amp;ssl=1 210w, https:\/\/i0.wp.com\/cakeartak.pl\/wp-content\/uploads\/2024\/09\/IMG_8543.jpg?resize=718%2C1024&amp;ssl=1 718w, https:\/\/i0.wp.com\/cakeartak.pl\/wp-content\/uploads\/2024\/09\/IMG_8543.jpg?resize=768%2C1095&amp;ssl=1 768w, https:\/\/i0.wp.com\/cakeartak.pl\/wp-content\/uploads\/2024\/09\/IMG_8543.jpg?resize=1078%2C1536&amp;ssl=1 1078w, https:\/\/i0.wp.com\/cakeartak.pl\/wp-content\/uploads\/2024\/09\/IMG_8543.jpg?resize=630%2C898&amp;ssl=1 630w\" sizes=\"(max-width: 980px) 100vw, 980px\" \/>\t\t\t\t\t\t\t\t\t\t\t\t\t<\/div>\n\t\t\t\t<\/div>\n\t\t\t\t\t<\/div>\n\t\t<\/div>\n\t\t\t\t\t<\/div>\n\t\t<\/div>\n\t\t\t\t\t<\/div>\n\t\t<\/div>\n\t\t\t\t\t<\/div>\n\t\t<\/div>\n\t\t\t\t<div class=\"elementor-section elementor-top-section elementor-element elementor-element-6b49bee elementor-section-stretched elementor-section-boxed elementor-section-height-default elementor-section-height-default\" data-id=\"6b49bee\" data-element_type=\"section\" data-settings=\"{&quot;stretch_section&quot;:&quot;section-stretched&quot;}\">\n\t\t\t\t\t\t<div class=\"elementor-container elementor-column-gap-no\">\n\t\t\t\t\t<div class=\"elementor-column elementor-col-50 elementor-top-column elementor-element elementor-element-d1cfbcb\" data-id=\"d1cfbcb\" data-element_type=\"column\">\n\t\t\t<div class=\"elementor-widget-wrap elementor-element-populated\">\n\t\t\t\t\t\t<div class=\"elementor-element elementor-element-e31480f elementor-widget elementor-widget-image\" data-id=\"e31480f\" data-element_type=\"widget\" data-widget_type=\"image.default\">\n\t\t\t\t<div class=\"elementor-widget-container\">\n\t\t\t\t\t\t\t\t\t\t\t\t\t<img decoding=\"async\" width=\"1290\" height=\"1569\" src=\"https:\/\/i0.wp.com\/cakeartak.pl\/wp-content\/uploads\/2024\/09\/IMG_6905.jpg?fit=1290%2C1569&amp;ssl=1\" class=\"attachment-full size-full wp-image-10362\" alt=\"\" srcset=\"https:\/\/i0.wp.com\/cakeartak.pl\/wp-content\/uploads\/2024\/09\/IMG_6905.jpg?w=1290&amp;ssl=1 1290w, https:\/\/i0.wp.com\/cakeartak.pl\/wp-content\/uploads\/2024\/09\/IMG_6905.jpg?resize=450%2C547&amp;ssl=1 450w, https:\/\/i0.wp.com\/cakeartak.pl\/wp-content\/uploads\/2024\/09\/IMG_6905.jpg?resize=700%2C851&amp;ssl=1 700w, https:\/\/i0.wp.com\/cakeartak.pl\/wp-content\/uploads\/2024\/09\/IMG_6905.jpg?resize=247%2C300&amp;ssl=1 247w, https:\/\/i0.wp.com\/cakeartak.pl\/wp-content\/uploads\/2024\/09\/IMG_6905.jpg?resize=842%2C1024&amp;ssl=1 842w, https:\/\/i0.wp.com\/cakeartak.pl\/wp-content\/uploads\/2024\/09\/IMG_6905.jpg?resize=768%2C934&amp;ssl=1 768w, https:\/\/i0.wp.com\/cakeartak.pl\/wp-content\/uploads\/2024\/09\/IMG_6905.jpg?resize=1263%2C1536&amp;ssl=1 1263w, https:\/\/i0.wp.com\/cakeartak.pl\/wp-content\/uploads\/2024\/09\/IMG_6905.jpg?resize=630%2C766&amp;ssl=1 630w\" sizes=\"(max-width: 980px) 100vw, 980px\" \/>\t\t\t\t\t\t\t\t\t\t\t\t\t<\/div>\n\t\t\t\t<\/div>\n\t\t\t\t<div class=\"elementor-element elementor-element-0e7d8ab elementor-absolute elementor-widget-mobile__width-initial elementor-hidden-mobile elementor-widget elementor-widget-heading\" data-id=\"0e7d8ab\" data-element_type=\"widget\" data-settings=\"{&quot;_position&quot;:&quot;absolute&quot;}\" data-widget_type=\"heading.default\">\n\t\t\t\t<div class=\"elementor-widget-container\">\n\t\t\t<h2 class=\"elementor-heading-title elementor-size-default\">Torty<\/h2>\t\t<\/div>\n\t\t\t\t<\/div>\n\t\t\t\t\t<\/div>\n\t\t<\/div>\n\t\t\t\t<div class=\"elementor-column elementor-col-50 elementor-top-column elementor-element elementor-element-5fb57fc\" data-id=\"5fb57fc\" data-element_type=\"column\">\n\t\t\t<div class=\"elementor-widget-wrap elementor-element-populated\">\n\t\t\t\t\t\t<div class=\"elementor-element elementor-element-ff20896 elementor-widget elementor-widget-heading\" data-id=\"ff20896\" data-element_type=\"widget\" data-widget_type=\"heading.default\">\n\t\t\t\t<div class=\"elementor-widget-container\">\n\t\t\t<h2 class=\"elementor-heading-title elementor-size-default\">SZKOLENIA<\/h2>\t\t<\/div>\n\t\t\t\t<\/div>\n\t\t\t\t<div class=\"elementor-element elementor-element-d682e49 elementor-widget__width-initial elementor-widget-mobile_extra__width-inherit elementor-widget elementor-widget-heading\" data-id=\"d682e49\" data-element_type=\"widget\" data-widget_type=\"heading.default\">\n\t\t\t\t<div class=\"elementor-widget-container\">\n\t\t\t<h2 class=\"elementor-heading-title elementor-size-default\">Szkolenia<\/h2>\t\t<\/div>\n\t\t\t\t<\/div>\n\t\t\t\t<div class=\"elementor-element elementor-element-34851c5 elementor-widget elementor-widget-text-editor\" data-id=\"34851c5\" data-element_type=\"widget\" data-widget_type=\"text-editor.default\">\n\t\t\t\t<div class=\"elementor-widget-container\">\n\t\t\t\t\t\t\t<p>Ka\u017cde szkolenie to ogrom wiedzy oraz wiele przydatnych wskaz\u00f3wek, kt\u00f3re pomog\u0105 ci\u00a0<span style=\"color: var( --e-global-color-text ); font-family: var(--e-global-typography-text-font-family);\">przenie\u015b\u0107 twoje wypieki na zupe\u0142nie inny poziom !<\/span><\/p><p>Szkolenia s\u0105 odpowiednie zar\u00f3wno dla os\u00f3b pocz\u0105tkuj\u0105cych oraz zaawansowanych dzi\u0119ki\u00a0<span style=\"color: var( --e-global-color-text ); font-family: var(--e-global-typography-text-font-family);\">dok\u0142adnym instrukcjom krok po kroku<\/span><\/p>\t\t\t\t\t\t<\/div>\n\t\t\t\t<\/div>\n\t\t\t\t<div class=\"elementor-element elementor-element-34cdc27 elementor-widget__width-initial elementor-widget elementor-widget-heading\" data-id=\"34cdc27\" data-element_type=\"widget\" data-widget_type=\"heading.default\">\n\t\t\t\t<div class=\"elementor-widget-container\">\n\t\t\t<h2 class=\"elementor-heading-title elementor-size-default\">Angelika Kusik<\/h2>\t\t<\/div>\n\t\t\t\t<\/div>\n\t\t\t\t\t<\/div>\n\t\t<\/div>\n\t\t\t\t\t<\/div>\n\t\t<\/div>\n\t\t\t\t<div class=\"elementor-section elementor-top-section elementor-element elementor-element-d8d4242 elementor-section-stretched elementor-section-boxed elementor-section-height-default elementor-section-height-default\" data-id=\"d8d4242\" data-element_type=\"section\" data-settings=\"{&quot;stretch_section&quot;:&quot;section-stretched&quot;}\">\n\t\t\t\t\t\t<div class=\"elementor-container elementor-column-gap-no\">\n\t\t\t\t\t<div class=\"elementor-column elementor-col-50 elementor-top-column elementor-element elementor-element-c6b1762\" data-id=\"c6b1762\" data-element_type=\"column\">\n\t\t\t<div class=\"elementor-widget-wrap elementor-element-populated\">\n\t\t\t\t\t\t<div class=\"elementor-element elementor-element-5b87100 elementor-absolute elementor-hidden-mobile elementor-widget elementor-widget-image\" data-id=\"5b87100\" data-element_type=\"widget\" data-settings=\"{&quot;_position&quot;:&quot;absolute&quot;}\" data-widget_type=\"image.default\">\n\t\t\t\t<div class=\"elementor-widget-container\">\n\t\t\t\t\t\t\t\t\t\t\t\t\t<img decoding=\"async\" width=\"674\" height=\"310\" src=\"https:\/\/i0.wp.com\/cakeartak.pl\/wp-content\/uploads\/2021\/11\/h3_image5.png?fit=674%2C310&amp;ssl=1\" class=\"attachment-full size-full wp-image-2156\" alt=\"\" srcset=\"https:\/\/i0.wp.com\/cakeartak.pl\/wp-content\/uploads\/2021\/11\/h3_image5.png?w=674&amp;ssl=1 674w, https:\/\/i0.wp.com\/cakeartak.pl\/wp-content\/uploads\/2021\/11\/h3_image5.png?resize=450%2C207&amp;ssl=1 450w, https:\/\/i0.wp.com\/cakeartak.pl\/wp-content\/uploads\/2021\/11\/h3_image5.png?resize=300%2C138&amp;ssl=1 300w, https:\/\/i0.wp.com\/cakeartak.pl\/wp-content\/uploads\/2021\/11\/h3_image5.png?resize=630%2C290&amp;ssl=1 630w\" sizes=\"(max-width: 674px) 100vw, 674px\" \/>\t\t\t\t\t\t\t\t\t\t\t\t\t<\/div>\n\t\t\t\t<\/div>\n\t\t\t\t\t<\/div>\n\t\t<\/div>\n\t\t\t\t<div class=\"elementor-column elementor-col-50 elementor-top-column elementor-element elementor-element-ecd5d7e\" data-id=\"ecd5d7e\" data-element_type=\"column\">\n\t\t\t<div class=\"elementor-widget-wrap elementor-element-populated\">\n\t\t\t\t\t\t<div class=\"elementor-element elementor-element-8c8b23f elementor-widget elementor-widget-image\" data-id=\"8c8b23f\" data-element_type=\"widget\" data-widget_type=\"image.default\">\n\t\t\t\t<div class=\"elementor-widget-container\">\n\t\t\t\t\t\t\t\t\t\t\t\t\t<img loading=\"lazy\" decoding=\"async\" width=\"1645\" height=\"2193\" src=\"https:\/\/i0.wp.com\/cakeartak.pl\/wp-content\/uploads\/2024\/09\/IMG_6981.jpg?fit=1645%2C2193&amp;ssl=1\" class=\"attachment-full size-full wp-image-10359\" alt=\"\" srcset=\"https:\/\/i0.wp.com\/cakeartak.pl\/wp-content\/uploads\/2024\/09\/IMG_6981.jpg?w=1645&amp;ssl=1 1645w, https:\/\/i0.wp.com\/cakeartak.pl\/wp-content\/uploads\/2024\/09\/IMG_6981.jpg?resize=450%2C600&amp;ssl=1 450w, https:\/\/i0.wp.com\/cakeartak.pl\/wp-content\/uploads\/2024\/09\/IMG_6981.jpg?resize=700%2C933&amp;ssl=1 700w, https:\/\/i0.wp.com\/cakeartak.pl\/wp-content\/uploads\/2024\/09\/IMG_6981.jpg?resize=225%2C300&amp;ssl=1 225w, https:\/\/i0.wp.com\/cakeartak.pl\/wp-content\/uploads\/2024\/09\/IMG_6981.jpg?resize=768%2C1024&amp;ssl=1 768w, https:\/\/i0.wp.com\/cakeartak.pl\/wp-content\/uploads\/2024\/09\/IMG_6981.jpg?resize=1152%2C1536&amp;ssl=1 1152w, https:\/\/i0.wp.com\/cakeartak.pl\/wp-content\/uploads\/2024\/09\/IMG_6981.jpg?resize=1536%2C2048&amp;ssl=1 1536w, https:\/\/i0.wp.com\/cakeartak.pl\/wp-content\/uploads\/2024\/09\/IMG_6981.jpg?resize=630%2C840&amp;ssl=1 630w, https:\/\/i0.wp.com\/cakeartak.pl\/wp-content\/uploads\/2024\/09\/IMG_6981.jpg?resize=1320%2C1760&amp;ssl=1 1320w\" sizes=\"(max-width: 980px) 100vw, 980px\" \/>\t\t\t\t\t\t\t\t\t\t\t\t\t<\/div>\n\t\t\t\t<\/div>\n\t\t\t\t\t<\/div>\n\t\t<\/div>\n\t\t\t\t\t<\/div>\n\t\t<\/div>\n\t\t\t\t<div class=\"elementor-section elementor-top-section elementor-element elementor-element-cfef1a3 elementor-section-stretched elementor-section-boxed elementor-section-height-default elementor-section-height-default\" data-id=\"cfef1a3\" data-element_type=\"section\" data-settings=\"{&quot;stretch_section&quot;:&quot;section-stretched&quot;}\">\n\t\t\t\t\t\t<div class=\"elementor-container elementor-column-gap-no\">\n\t\t\t\t\t<div class=\"elementor-column elementor-col-100 elementor-top-column elementor-element elementor-element-f04f6b2\" data-id=\"f04f6b2\" data-element_type=\"column\">\n\t\t\t<div class=\"elementor-widget-wrap elementor-element-populated\">\n\t\t\t\t\t\t<div class=\"elementor-element elementor-element-76f8f49 elementor-widget elementor-widget-heading\" data-id=\"76f8f49\" data-element_type=\"widget\" data-widget_type=\"heading.default\">\n\t\t\t\t<div class=\"elementor-widget-container\">\n\t\t\t<h2 class=\"elementor-heading-title elementor-size-default\">NAJPOPULARNIEJSZE<\/h2>\t\t<\/div>\n\t\t\t\t<\/div>\n\t\t\t\t<div class=\"elementor-element elementor-element-13afb89 elementor-widget elementor-widget-heading\" data-id=\"13afb89\" data-element_type=\"widget\" data-widget_type=\"heading.default\">\n\t\t\t\t<div class=\"elementor-widget-container\">\n\t\t\t<h2 class=\"elementor-heading-title elementor-size-default\">Najpopularniejsze szkolenia<\/h2>\t\t<\/div>\n\t\t\t\t<\/div>\n\t\t\t\t\t<\/div>\n\t\t<\/div>\n\t\t\t\t\t<\/div>\n\t\t<\/div>\n\t\t\t\t<div class=\"elementor-section elementor-top-section elementor-element elementor-element-abf53f5 elementor-section-stretched elementor-section-boxed elementor-section-height-default elementor-section-height-default\" data-id=\"abf53f5\" data-element_type=\"section\" data-settings=\"{&quot;stretch_section&quot;:&quot;section-stretched&quot;}\">\n\t\t\t\t\t\t<div class=\"elementor-container elementor-column-gap-no\">\n\t\t\t\t\t<div class=\"elementor-column elementor-col-50 elementor-top-column elementor-element elementor-element-1e2219a\" data-id=\"1e2219a\" data-element_type=\"column\" data-settings=\"{&quot;background_background&quot;:&quot;classic&quot;}\">\n\t\t\t<div class=\"elementor-widget-wrap elementor-element-populated\">\n\t\t\t\t\t\t<div class=\"elementor-element elementor-element-a009157 xocora-image-box-style-1 elementor-position-top elementor-widget elementor-widget-image-box\" data-id=\"a009157\" data-element_type=\"widget\" data-widget_type=\"image-box.default\">\n\t\t\t\t<div class=\"elementor-widget-container\">\n\t\t\t<div class=\"elementor-image-box-wrapper\"><figure class=\"elementor-image-box-img\"><a href=\"#\" tabindex=\"-1\"><img data-recalc-dims=\"1\" height=\"600\" width=\"600\" decoding=\"async\" src=\"https:\/\/i0.wp.com\/cakeartak.pl\/wp-content\/uploads\/2024\/10\/now2-600x600.png?resize=600%2C600&#038;ssl=1\" title=\"now2\" alt=\"\" loading=\"lazy\" \/><\/a><\/figure><\/div>\t\t<\/div>\n\t\t\t\t<\/div>\n\t\t\t\t<div class=\"elementor-element elementor-element-d24fe3d elementor-widget__width-initial xocora-image-box-style-1 elementor-position-top elementor-widget elementor-widget-image-box\" data-id=\"d24fe3d\" data-element_type=\"widget\" data-widget_type=\"image-box.default\">\n\t\t\t\t<div class=\"elementor-widget-container\">\n\t\t\t<div class=\"elementor-image-box-wrapper\"><figure class=\"elementor-image-box-img\"><img data-recalc-dims=\"1\" decoding=\"async\" src=\"https:\/\/i0.wp.com\/cakeartak.pl\/wp-content\/plugins\/elementor\/assets\/images\/placeholder.png?w=980&#038;ssl=1\" title=\"\" alt=\"\" loading=\"lazy\" \/><\/figure><div class=\"elementor-image-box-content\"><h3 class=\"elementor-image-box-title\">Szkolenie online<\/h3><p class=\"elementor-image-box-description\"><span style=\"font-size: 14px;\">szkolenie online \u201etort z sernikiem nowojorskim\u201d<\/span><\/p><\/div><\/div>\t\t<\/div>\n\t\t\t\t<\/div>\n\t\t\t\t<div class=\"elementor-element elementor-element-d6ad855 elementor-align-center elementor-widget elementor-widget-button\" data-id=\"d6ad855\" data-element_type=\"widget\" data-widget_type=\"button.default\">\n\t\t\t\t<div class=\"elementor-widget-container\">\n\t\t\t\t\t\t\t<div class=\"elementor-button-wrapper\">\n\t\t\t\t\t<a class=\"elementor-button elementor-button-link elementor-size-sm\" href=\"https:\/\/cakeartak.pl\/index.php\/szkolenie-z-tortu-nowojorskiego\/\">\n\t\t\t\t\t\t<span class=\"elementor-button-content-wrapper\">\n\t\t\t\t\t\t<span class=\"elementor-button-icon\">\n\t\t\t\t<i aria-hidden=\"true\" class=\"xocora-icon- xocora-icon-plus\"><\/i>\t\t\t<\/span>\n\t\t\t\t\t\t\t\t<\/span>\n\t\t\t\t\t<\/a>\n\t\t\t\t<\/div>\n\t\t\t\t\t\t<\/div>\n\t\t\t\t<\/div>\n\t\t\t\t\t<\/div>\n\t\t<\/div>\n\t\t\t\t<div class=\"elementor-column elementor-col-50 elementor-top-column elementor-element elementor-element-ac41703\" data-id=\"ac41703\" data-element_type=\"column\">\n\t\t\t<div class=\"elementor-widget-wrap elementor-element-populated\">\n\t\t\t\t\t\t<div class=\"elementor-element elementor-element-519fd70 xocora-image-box-style-1 elementor-position-top elementor-widget elementor-widget-image-box\" data-id=\"519fd70\" data-element_type=\"widget\" data-widget_type=\"image-box.default\">\n\t\t\t\t<div class=\"elementor-widget-container\">\n\t\t\t<div class=\"elementor-image-box-wrapper\"><figure class=\"elementor-image-box-img\"><a href=\"#\" tabindex=\"-1\"><img data-recalc-dims=\"1\" height=\"600\" width=\"600\" decoding=\"async\" src=\"https:\/\/i0.wp.com\/cakeartak.pl\/wp-content\/uploads\/2024\/09\/1737D636-22AB-43F2-BD91-335F406B7D20-600x600.jpg?resize=600%2C600&#038;ssl=1\" title=\"1737D636-22AB-43F2-BD91-335F406B7D20\" alt=\"\" loading=\"lazy\" \/><\/a><\/figure><\/div>\t\t<\/div>\n\t\t\t\t<\/div>\n\t\t\t\t<div class=\"elementor-element elementor-element-b18949b elementor-widget__width-initial xocora-image-box-style-1 elementor-position-top elementor-widget elementor-widget-image-box\" data-id=\"b18949b\" data-element_type=\"widget\" data-widget_type=\"image-box.default\">\n\t\t\t\t<div class=\"elementor-widget-container\">\n\t\t\t<div class=\"elementor-image-box-wrapper\"><figure class=\"elementor-image-box-img\"><img data-recalc-dims=\"1\" decoding=\"async\" src=\"https:\/\/i0.wp.com\/cakeartak.pl\/wp-content\/plugins\/elementor\/assets\/images\/placeholder.png?w=980&#038;ssl=1\" title=\"\" alt=\"\" loading=\"lazy\" \/><\/figure><div class=\"elementor-image-box-content\"><h3 class=\"elementor-image-box-title\">Szkolenia stacjonarne<\/h3><p class=\"elementor-image-box-description\">szkolenie stacjonarne od podstaw z zaawansowan\u0105 figurk\u0105 z masy cukrowej<\/p><\/div><\/div>\t\t<\/div>\n\t\t\t\t<\/div>\n\t\t\t\t<div class=\"elementor-element elementor-element-e7be1e9 elementor-align-center elementor-widget elementor-widget-button\" data-id=\"e7be1e9\" data-element_type=\"widget\" data-widget_type=\"button.default\">\n\t\t\t\t<div class=\"elementor-widget-container\">\n\t\t\t\t\t\t\t<div class=\"elementor-button-wrapper\">\n\t\t\t\t\t<a class=\"elementor-button elementor-button-link elementor-size-sm\" href=\"https:\/\/cakeartak.pl\/index.php\/szkolenie-z-tortu-od-podstaw-z-zaawansowana-figurka-z-masy-cukrowej\/\">\n\t\t\t\t\t\t<span class=\"elementor-button-content-wrapper\">\n\t\t\t\t\t\t<span class=\"elementor-button-icon\">\n\t\t\t\t<i aria-hidden=\"true\" class=\"xocora-icon- xocora-icon-plus\"><\/i>\t\t\t<\/span>\n\t\t\t\t\t\t\t\t<\/span>\n\t\t\t\t\t<\/a>\n\t\t\t\t<\/div>\n\t\t\t\t\t\t<\/div>\n\t\t\t\t<\/div>\n\t\t\t\t<div class=\"elementor-element elementor-element-e2507f8 elementor-button-info elementor-align-center button-divider-xocora-yes elementor-widget elementor-widget-button\" data-id=\"e2507f8\" data-element_type=\"widget\" data-widget_type=\"button.default\">\n\t\t\t\t<div class=\"elementor-widget-container\">\n\t\t\t\t\t\t\t<div class=\"elementor-button-wrapper\">\n\t\t\t\t\t<a class=\"elementor-button elementor-button-link elementor-size-xs\" href=\"https:\/\/cakeartak.pl\/index.php\/szkolenia-stacjonarne\/\">\n\t\t\t\t\t\t<span class=\"elementor-button-content-wrapper\">\n\t\t\t\t\t\t\t\t\t<span class=\"elementor-button-text\">Zobacz pe\u0142n\u0105 ofert\u0119 szkole\u0144<\/span>\n\t\t\t\t\t<\/span>\n\t\t\t\t\t<\/a>\n\t\t\t\t<\/div>\n\t\t\t\t\t\t<\/div>\n\t\t\t\t<\/div>\n\t\t\t\t\t<\/div>\n\t\t<\/div>\n\t\t\t\t\t<\/div>\n\t\t<\/div>\n\t\t\t\t<\/div>\n\t\t","protected":false},"excerpt":{"rendered":"<p>Szkolenia cukiernicze dla ka\u017cdego autorskie przepisy, nowoczesne receptury \u201ePoka\u017ce ci jak w prosty spos\u00f3b przygotowa\u0107 tort twoich marze\u0144\u201d Chc\u0119 kupi\u0107 szkolenie Torty SZKOLENIA Szkolenia Ka\u017cde szkolenie to ogrom wiedzy oraz wiele przydatnych wskaz\u00f3wek, kt\u00f3re pomog\u0105 ci\u00a0przenie\u015b\u0107 twoje wypieki na zupe\u0142nie inny poziom ! Szkolenia s\u0105 odpowiednie zar\u00f3wno dla os\u00f3b pocz\u0105tkuj\u0105cych oraz zaawansowanych dzi\u0119ki\u00a0dok\u0142adnym instrukcjom krok [&hellip;]<\/p>\n","protected":false},"author":1,"featured_media":0,"parent":0,"menu_order":0,"comment_status":"closed","ping_status":"closed","template":"template-homepage.php","meta":{"footnotes":""},"class_list":["post-1503","page","type-page","status-publish","hentry"],"jetpack_sharing_enabled":true,"_links":{"self":[{"href":"https:\/\/cakeartak.pl\/index.php\/wp-json\/wp\/v2\/pages\/1503","targetHints":{"allow":["GET"]}}],"collection":[{"href":"https:\/\/cakeartak.pl\/index.php\/wp-json\/wp\/v2\/pages"}],"about":[{"href":"https:\/\/cakeartak.pl\/index.php\/wp-json\/wp\/v2\/types\/page"}],"author":[{"embeddable":true,"href":"https:\/\/cakeartak.pl\/index.php\/wp-json\/wp\/v2\/users\/1"}],"replies":[{"embeddable":true,"href":"https:\/\/cakeartak.pl\/index.php\/wp-json\/wp\/v2\/comments?post=1503"}],"version-history":[{"count":0,"href":"https:\/\/cakeartak.pl\/index.php\/wp-json\/wp\/v2\/pages\/1503\/revisions"}],"wp:attachment":[{"href":"https:\/\/cakeartak.pl\/index.php\/wp-json\/wp\/v2\/media?parent=1503"}],"curies":[{"name":"wp","href":"https:\/\/api.w.org\/{rel}","templated":true}]}}