{"id":293,"date":"2021-11-03T02:45:01","date_gmt":"2021-11-03T02:45:01","guid":{"rendered":"https:\/\/demo2wpopal.b-cdn.net\/xocora\/?page_id=293"},"modified":"2024-10-27T12:19:28","modified_gmt":"2024-10-27T11:19:28","slug":"o-mnie","status":"publish","type":"page","link":"https:\/\/cakeartak.pl\/index.php\/o-mnie\/","title":{"rendered":"O mnie"},"content":{"rendered":"\t\t<div data-elementor-type=\"wp-page\" data-elementor-id=\"293\" class=\"elementor elementor-293\">\n\t\t\t\t\t\t<div class=\"elementor-section elementor-top-section elementor-element elementor-element-c512857 elementor-section-full_width elementor-section-stretched elementor-section-height-default elementor-section-height-default\" data-id=\"c512857\" data-element_type=\"section\" data-settings=\"{&quot;stretch_section&quot;:&quot;section-stretched&quot;,&quot;background_background&quot;:&quot;gradient&quot;}\">\n\t\t\t\t\t\t<div class=\"elementor-container elementor-column-gap-no\">\n\t\t\t\t\t<div class=\"elementor-column elementor-col-100 elementor-top-column elementor-element elementor-element-d01f5cd\" data-id=\"d01f5cd\" data-element_type=\"column\">\n\t\t\t<div class=\"elementor-widget-wrap elementor-element-populated\">\n\t\t\t\t\t\t<div class=\"elementor-section elementor-inner-section elementor-element elementor-element-5760b88 elementor-section-boxed elementor-section-height-default elementor-section-height-default\" data-id=\"5760b88\" data-element_type=\"section\">\n\t\t\t\t\t\t\t<div class=\"elementor-background-overlay\"><\/div>\n\t\t\t\t\t\t\t<div class=\"elementor-container elementor-column-gap-no\">\n\t\t\t\t\t<div class=\"elementor-column elementor-col-50 elementor-inner-column elementor-element elementor-element-b4a7786 elementor-hidden-mobile\" data-id=\"b4a7786\" data-element_type=\"column\">\n\t\t\t<div class=\"elementor-widget-wrap elementor-element-populated\">\n\t\t\t\t\t\t<div class=\"elementor-element elementor-element-40b3214 elementor-widget elementor-widget-image\" data-id=\"40b3214\" data-element_type=\"widget\" data-widget_type=\"image.default\">\n\t\t\t\t<div class=\"elementor-widget-container\">\n\t\t\t\t\t\t\t\t\t\t\t\t\t<img fetchpriority=\"high\" decoding=\"async\" width=\"1189\" height=\"1486\" src=\"https:\/\/i0.wp.com\/cakeartak.pl\/wp-content\/uploads\/2024\/09\/AB7A9E6B-0C85-4EDF-8D40-F7E496CF4165.jpg?fit=1189%2C1486&amp;ssl=1\" class=\"attachment-full size-full wp-image-10351\" alt=\"\" srcset=\"https:\/\/i0.wp.com\/cakeartak.pl\/wp-content\/uploads\/2024\/09\/AB7A9E6B-0C85-4EDF-8D40-F7E496CF4165.jpg?w=1189&amp;ssl=1 1189w, https:\/\/i0.wp.com\/cakeartak.pl\/wp-content\/uploads\/2024\/09\/AB7A9E6B-0C85-4EDF-8D40-F7E496CF4165.jpg?resize=450%2C562&amp;ssl=1 450w, https:\/\/i0.wp.com\/cakeartak.pl\/wp-content\/uploads\/2024\/09\/AB7A9E6B-0C85-4EDF-8D40-F7E496CF4165.jpg?resize=700%2C875&amp;ssl=1 700w, https:\/\/i0.wp.com\/cakeartak.pl\/wp-content\/uploads\/2024\/09\/AB7A9E6B-0C85-4EDF-8D40-F7E496CF4165.jpg?resize=240%2C300&amp;ssl=1 240w, https:\/\/i0.wp.com\/cakeartak.pl\/wp-content\/uploads\/2024\/09\/AB7A9E6B-0C85-4EDF-8D40-F7E496CF4165.jpg?resize=819%2C1024&amp;ssl=1 819w, https:\/\/i0.wp.com\/cakeartak.pl\/wp-content\/uploads\/2024\/09\/AB7A9E6B-0C85-4EDF-8D40-F7E496CF4165.jpg?resize=768%2C960&amp;ssl=1 768w, https:\/\/i0.wp.com\/cakeartak.pl\/wp-content\/uploads\/2024\/09\/AB7A9E6B-0C85-4EDF-8D40-F7E496CF4165.jpg?resize=630%2C787&amp;ssl=1 630w\" sizes=\"(max-width: 980px) 100vw, 980px\" \/>\t\t\t\t\t\t\t\t\t\t\t\t\t<\/div>\n\t\t\t\t<\/div>\n\t\t\t\t\t<\/div>\n\t\t<\/div>\n\t\t\t\t<div class=\"elementor-column elementor-col-50 elementor-inner-column elementor-element elementor-element-ebbc463\" data-id=\"ebbc463\" data-element_type=\"column\">\n\t\t\t<div class=\"elementor-widget-wrap elementor-element-populated\">\n\t\t\t\t\t\t<div class=\"elementor-element elementor-element-84cdfe5 elementor-widget__width-initial elementor-widget-mobile__width-inherit elementor-widget elementor-widget-text-editor\" data-id=\"84cdfe5\" data-element_type=\"widget\" data-widget_type=\"text-editor.default\">\n\t\t\t\t<div class=\"elementor-widget-container\">\n\t\t\t\t\t\t\t<p>kilka s\u0142\u00f3w<\/p>\t\t\t\t\t\t<\/div>\n\t\t\t\t<\/div>\n\t\t\t\t<div class=\"elementor-element elementor-element-9d9ca7e elementor-widget__width-initial elementor-widget-mobile__width-inherit elementor-widget elementor-widget-heading\" data-id=\"9d9ca7e\" data-element_type=\"widget\" data-widget_type=\"heading.default\">\n\t\t\t\t<div class=\"elementor-widget-container\">\n\t\t\t<h2 class=\"elementor-heading-title elementor-size-default\">O MNIE<\/h2>\t\t<\/div>\n\t\t\t\t<\/div>\n\t\t\t\t<div class=\"elementor-element elementor-element-0c52682 elementor-widget__width-initial elementor-widget-mobile__width-initial elementor-widget elementor-widget-text-editor\" data-id=\"0c52682\" data-element_type=\"widget\" data-widget_type=\"text-editor.default\">\n\t\t\t\t<div class=\"elementor-widget-container\">\n\t\t\t\t\t\t\t<p><span style=\"font-family: Spartan, HelveticaNeue-Light, 'Helvetica Neue Light', 'Helvetica Neue', Helvetica, Arial, 'Lucida Grande', sans-serif; font-size: 15px;\">Nazywam si\u0119 Angelika i tworzeniem tort\u00f3w i s\u0142odkich wypiek\u00f3w zajmuje si\u0119 ju\u017c od kilku lat. Jest to moja najwi\u0119ksza pasja, hobby i spos\u00f3b na \u017cycie. Ciesz\u0119 si\u0119, \u017ce zdecydowa\u0142a\u015b si\u0119 wybra\u0107 mnie na swojego szkoleniowca!<\/span><\/p>\t\t\t\t\t\t<\/div>\n\t\t\t\t<\/div>\n\t\t\t\t<div class=\"elementor-element elementor-element-767815c elementor-button-info elementor-mobile-align-center button-divider-xocora-yes elementor-widget elementor-widget-button\" data-id=\"767815c\" data-element_type=\"widget\" data-widget_type=\"button.default\">\n\t\t\t\t<div class=\"elementor-widget-container\">\n\t\t\t\t\t\t\t<div class=\"elementor-button-wrapper\">\n\t\t\t\t\t<a class=\"elementor-button elementor-button-link elementor-size-sm\" href=\"https:\/\/cakeartak.pl\/index.php\/contact\/\">\n\t\t\t\t\t\t<span class=\"elementor-button-content-wrapper\">\n\t\t\t\t\t\t\t\t\t<span class=\"elementor-button-text\">kontakt<\/span>\n\t\t\t\t\t<\/span>\n\t\t\t\t\t<\/a>\n\t\t\t\t<\/div>\n\t\t\t\t\t\t<\/div>\n\t\t\t\t<\/div>\n\t\t\t\t\t<\/div>\n\t\t<\/div>\n\t\t\t\t\t<\/div>\n\t\t<\/div>\n\t\t\t\t\t<\/div>\n\t\t<\/div>\n\t\t\t\t\t<\/div>\n\t\t<\/div>\n\t\t\t\t<div class=\"elementor-section elementor-top-section elementor-element elementor-element-2319076 elementor-section-full_width elementor-section-stretched elementor-section-height-default elementor-section-height-default\" data-id=\"2319076\" data-element_type=\"section\" data-settings=\"{&quot;stretch_section&quot;:&quot;section-stretched&quot;,&quot;background_background&quot;:&quot;classic&quot;}\">\n\t\t\t\t\t\t<div class=\"elementor-container elementor-column-gap-no\">\n\t\t\t\t\t<div class=\"elementor-column elementor-col-100 elementor-top-column elementor-element elementor-element-48aed48\" data-id=\"48aed48\" data-element_type=\"column\" data-settings=\"{&quot;background_background&quot;:&quot;classic&quot;}\">\n\t\t\t<div class=\"elementor-widget-wrap elementor-element-populated\">\n\t\t\t\t\t\t<div class=\"elementor-element elementor-element-1c444e2 elementor-widget__width-initial elementor-widget-mobile__width-initial elementor-widget elementor-widget-heading\" data-id=\"1c444e2\" data-element_type=\"widget\" data-widget_type=\"heading.default\">\n\t\t\t\t<div class=\"elementor-widget-container\">\n\t\t\t<h2 class=\"elementor-heading-title elementor-size-default\">Szkolenia<\/h2>\t\t<\/div>\n\t\t\t\t<\/div>\n\t\t\t\t<div class=\"elementor-section elementor-inner-section elementor-element elementor-element-0b7bdea elementor-section-boxed elementor-section-height-default elementor-section-height-default\" data-id=\"0b7bdea\" data-element_type=\"section\">\n\t\t\t\t\t\t<div class=\"elementor-container elementor-column-gap-no\">\n\t\t\t\t\t<div class=\"elementor-column elementor-col-50 elementor-inner-column elementor-element elementor-element-0780862\" data-id=\"0780862\" data-element_type=\"column\">\n\t\t\t<div class=\"elementor-widget-wrap elementor-element-populated\">\n\t\t\t\t\t\t<div class=\"elementor-element elementor-element-a10f814 elementor-widget elementor-widget-image\" data-id=\"a10f814\" data-element_type=\"widget\" data-widget_type=\"image.default\">\n\t\t\t\t<div class=\"elementor-widget-container\">\n\t\t\t\t\t\t\t\t\t\t\t\t\t<img data-recalc-dims=\"1\" height=\"600\" width=\"600\" decoding=\"async\" src=\"https:\/\/i0.wp.com\/cakeartak.pl\/wp-content\/uploads\/2024\/09\/IMG_6905-600x600.jpg?resize=600%2C600&#038;ssl=1\" title=\"Screenshot\" alt=\"\" class=\"elementor-animation-bob\" loading=\"lazy\" \/>\t\t\t\t\t\t\t\t\t\t\t\t\t<\/div>\n\t\t\t\t<\/div>\n\t\t\t\t<div class=\"elementor-element elementor-element-cc0c437 elementor-widget elementor-widget-heading\" data-id=\"cc0c437\" data-element_type=\"widget\" data-widget_type=\"heading.default\">\n\t\t\t\t<div class=\"elementor-widget-container\">\n\t\t\t<h4 class=\"elementor-heading-title elementor-size-default\">Szkolenia stacjonarne<\/h4>\t\t<\/div>\n\t\t\t\t<\/div>\n\t\t\t\t<div class=\"elementor-element elementor-element-498e66e elementor-widget-mobile__width-initial elementor-widget elementor-widget-text-editor\" data-id=\"498e66e\" data-element_type=\"widget\" data-widget_type=\"text-editor.default\">\n\t\t\t\t<div class=\"elementor-widget-container\">\n\t\t\t\t\t\t\t<p><span style=\"color: #716147; font-family: Spartan, HelveticaNeue-Light, 'Helvetica Neue Light', 'Helvetica Neue', Helvetica, Arial, 'Lucida Grande', sans-serif; font-size: 16px; text-align: left;\">Szkolenie indywidualne mo\u017ce odby\u0107 si\u0119 w terminie na kt\u00f3ry nie ma jeszcze rezerwacji. Je\u015bli&nbsp;<\/span><span style=\"color: #716147; font-family: Spartan, HelveticaNeue-Light, 'Helvetica Neue Light', 'Helvetica Neue', Helvetica, Arial, 'Lucida Grande', sans-serif; font-size: 16px; text-align: left;\">zale\u017cy ci na konkretnym terminie, a nie ma go dost\u0119pnego w kalendarzu, napisz do mnie na&nbsp;<\/span><span style=\"color: #716147; font-family: Spartan, HelveticaNeue-Light, 'Helvetica Neue Light', 'Helvetica Neue', Helvetica, Arial, 'Lucida Grande', sans-serif; font-size: 16px; text-align: left;\">adres email<\/span><\/p>\t\t\t\t\t\t<\/div>\n\t\t\t\t<\/div>\n\t\t\t\t<div class=\"elementor-element elementor-element-1213ebb elementor-align-center button-divider-xocora-yes elementor-widget elementor-widget-button\" data-id=\"1213ebb\" data-element_type=\"widget\" data-widget_type=\"button.default\">\n\t\t\t\t<div class=\"elementor-widget-container\">\n\t\t\t\t\t\t\t<div class=\"elementor-button-wrapper\">\n\t\t\t\t\t<a class=\"elementor-button elementor-button-link elementor-size-xs\" href=\"mailto:kontakt@cakeartak.pl\">\n\t\t\t\t\t\t<span class=\"elementor-button-content-wrapper\">\n\t\t\t\t\t\t\t\t\t<span class=\"elementor-button-text\">Wy\u015blij email<\/span>\n\t\t\t\t\t<\/span>\n\t\t\t\t\t<\/a>\n\t\t\t\t<\/div>\n\t\t\t\t\t\t<\/div>\n\t\t\t\t<\/div>\n\t\t\t\t\t<\/div>\n\t\t<\/div>\n\t\t\t\t<div class=\"elementor-column elementor-col-50 elementor-inner-column elementor-element elementor-element-8fb028c\" data-id=\"8fb028c\" data-element_type=\"column\">\n\t\t\t<div class=\"elementor-widget-wrap elementor-element-populated\">\n\t\t\t\t\t\t<div class=\"elementor-element elementor-element-9324c6d elementor-widget elementor-widget-image\" data-id=\"9324c6d\" data-element_type=\"widget\" data-widget_type=\"image.default\">\n\t\t\t\t<div class=\"elementor-widget-container\">\n\t\t\t\t\t\t\t\t\t\t\t\t\t<img data-recalc-dims=\"1\" height=\"600\" width=\"600\" decoding=\"async\" src=\"https:\/\/i0.wp.com\/cakeartak.pl\/wp-content\/uploads\/2024\/09\/1737D636-22AB-43F2-BD91-335F406B7D20-600x600.jpg?resize=600%2C600&#038;ssl=1\" title=\"1737D636-22AB-43F2-BD91-335F406B7D20\" alt=\"\" class=\"elementor-animation-bob\" loading=\"lazy\" \/>\t\t\t\t\t\t\t\t\t\t\t\t\t<\/div>\n\t\t\t\t<\/div>\n\t\t\t\t<div class=\"elementor-element elementor-element-ff9b53c elementor-widget elementor-widget-heading\" data-id=\"ff9b53c\" data-element_type=\"widget\" data-widget_type=\"heading.default\">\n\t\t\t\t<div class=\"elementor-widget-container\">\n\t\t\t<h2 class=\"elementor-heading-title elementor-size-default\">Szkolenia online<\/h2>\t\t<\/div>\n\t\t\t\t<\/div>\n\t\t\t\t<div class=\"elementor-element elementor-element-196a0ee elementor-widget-mobile__width-initial elementor-widget elementor-widget-text-editor\" data-id=\"196a0ee\" data-element_type=\"widget\" data-widget_type=\"text-editor.default\">\n\t\t\t\t<div class=\"elementor-widget-container\">\n\t\t\t\t\t\t\t<p><span style=\"color: #716147; font-family: Spartan, HelveticaNeue-Light, 'Helvetica Neue Light', 'Helvetica Neue', Helvetica, Arial, 'Lucida Grande', sans-serif; font-size: 16px;\">Szkolenie online zawiera film z dok\u0142adnym om\u00f3wieniem przygotowania\u00a0<\/span><span style=\"color: #716147; font-family: Spartan, HelveticaNeue-Light, 'Helvetica Neue Light', 'Helvetica Neue', Helvetica, Arial, 'Lucida Grande', sans-serif; font-size: 16px;\">wypiek\u00f3w oraz skrypt technologiczny z dok\u0142adnym przepisem oraz list\u0105\u00a0<\/span><span style=\"color: #716147; font-family: Spartan, HelveticaNeue-Light, 'Helvetica Neue Light', 'Helvetica Neue', Helvetica, Arial, 'Lucida Grande', sans-serif; font-size: 16px;\">produkt\u00f3w, kt\u00f3re b\u0119d\u0105 potrzebne do przygotowania wypieku.<\/span><\/p>\t\t\t\t\t\t<\/div>\n\t\t\t\t<\/div>\n\t\t\t\t\t<\/div>\n\t\t<\/div>\n\t\t\t\t\t<\/div>\n\t\t<\/div>\n\t\t\t\t\t<\/div>\n\t\t<\/div>\n\t\t\t\t\t<\/div>\n\t\t<\/div>\n\t\t\t\t<div class=\"elementor-section elementor-top-section elementor-element elementor-element-a2f3194 elementor-section-full_width elementor-section-stretched elementor-section-height-default elementor-section-height-default\" data-id=\"a2f3194\" data-element_type=\"section\" data-settings=\"{&quot;stretch_section&quot;:&quot;section-stretched&quot;,&quot;background_background&quot;:&quot;gradient&quot;}\">\n\t\t\t\t\t\t<div class=\"elementor-container elementor-column-gap-no\">\n\t\t\t\t\t<div class=\"elementor-column elementor-col-100 elementor-top-column elementor-element elementor-element-f6af45d\" data-id=\"f6af45d\" data-element_type=\"column\">\n\t\t\t<div class=\"elementor-widget-wrap elementor-element-populated\">\n\t\t\t\t\t\t<div class=\"elementor-section elementor-inner-section elementor-element elementor-element-c6f1952 elementor-section-boxed elementor-section-height-default elementor-section-height-default\" data-id=\"c6f1952\" data-element_type=\"section\" data-settings=\"{&quot;background_background&quot;:&quot;classic&quot;}\">\n\t\t\t\t\t\t<div class=\"elementor-container elementor-column-gap-no\">\n\t\t\t\t\t<div class=\"elementor-column elementor-col-50 elementor-inner-column elementor-element elementor-element-5e31bcd\" data-id=\"5e31bcd\" data-element_type=\"column\">\n\t\t\t<div class=\"elementor-widget-wrap elementor-element-populated\">\n\t\t\t\t\t\t<div class=\"elementor-element elementor-element-9d8ca60 elementor-widget__width-initial elementor-widget-mobile__width-inherit elementor-widget elementor-widget-heading\" data-id=\"9d8ca60\" data-element_type=\"widget\" data-widget_type=\"heading.default\">\n\t\t\t\t<div class=\"elementor-widget-container\">\n\t\t\t<h2 class=\"elementor-heading-title elementor-size-default\">EBOOKI<\/h2>\t\t<\/div>\n\t\t\t\t<\/div>\n\t\t\t\t<div class=\"elementor-element elementor-element-1f4793b elementor-widget__width-initial elementor-widget-mobile_extra__width-initial elementor-widget-tablet__width-inherit elementor-widget-mobile__width-initial elementor-widget elementor-widget-text-editor\" data-id=\"1f4793b\" data-element_type=\"widget\" data-widget_type=\"text-editor.default\">\n\t\t\t\t<div class=\"elementor-widget-container\">\n\t\t\t\t\t\t\t<p>Ebooki zawieraj\u0105 przepisy na wykonanie tortu od podstaw wraz ze szczeg\u00f3\u0142ow\u0105 instrukcj\u0105 przygotowania oraz list\u0105 produkt\u00f3w, kt\u00f3re b\u0119d\u0105<br \/>potrzebne do przygotowania wypieku.<\/p><p><br \/>Po zakupie otrzymasz ebook na podany adres email.<\/p>\t\t\t\t\t\t<\/div>\n\t\t\t\t<\/div>\n\t\t\t\t<div class=\"elementor-element elementor-element-784b99f elementor-button-info elementor-align-right elementor-mobile-align-center button-divider-xocora-yes elementor-widget elementor-widget-button\" data-id=\"784b99f\" data-element_type=\"widget\" data-widget_type=\"button.default\">\n\t\t\t\t<div class=\"elementor-widget-container\">\n\t\t\t\t\t\t\t<div class=\"elementor-button-wrapper\">\n\t\t\t\t\t<a class=\"elementor-button elementor-button-link elementor-size-sm\" href=\"https:\/\/cakeartak.pl\/index.php\/ebook-tort-nowojorski\/\">\n\t\t\t\t\t\t<span class=\"elementor-button-content-wrapper\">\n\t\t\t\t\t\t\t\t\t<span class=\"elementor-button-text\">Kup teraz<\/span>\n\t\t\t\t\t<\/span>\n\t\t\t\t\t<\/a>\n\t\t\t\t<\/div>\n\t\t\t\t\t\t<\/div>\n\t\t\t\t<\/div>\n\t\t\t\t\t<\/div>\n\t\t<\/div>\n\t\t\t\t<div class=\"elementor-column elementor-col-50 elementor-inner-column elementor-element elementor-element-5454fa6 elementor-hidden-mobile\" data-id=\"5454fa6\" data-element_type=\"column\">\n\t\t\t<div class=\"elementor-widget-wrap elementor-element-populated\">\n\t\t\t\t\t\t<div class=\"elementor-element elementor-element-2629a61 elementor-widget elementor-widget-image\" data-id=\"2629a61\" data-element_type=\"widget\" data-widget_type=\"image.default\">\n\t\t\t\t<div class=\"elementor-widget-container\">\n\t\t\t\t\t\t\t\t\t\t\t\t\t<img decoding=\"async\" width=\"1645\" height=\"2193\" src=\"https:\/\/i0.wp.com\/cakeartak.pl\/wp-content\/uploads\/2024\/09\/IMG_6981.jpg?fit=1645%2C2193&amp;ssl=1\" class=\"attachment-full size-full wp-image-10359\" alt=\"\" srcset=\"https:\/\/i0.wp.com\/cakeartak.pl\/wp-content\/uploads\/2024\/09\/IMG_6981.jpg?w=1645&amp;ssl=1 1645w, https:\/\/i0.wp.com\/cakeartak.pl\/wp-content\/uploads\/2024\/09\/IMG_6981.jpg?resize=450%2C600&amp;ssl=1 450w, https:\/\/i0.wp.com\/cakeartak.pl\/wp-content\/uploads\/2024\/09\/IMG_6981.jpg?resize=700%2C933&amp;ssl=1 700w, https:\/\/i0.wp.com\/cakeartak.pl\/wp-content\/uploads\/2024\/09\/IMG_6981.jpg?resize=225%2C300&amp;ssl=1 225w, https:\/\/i0.wp.com\/cakeartak.pl\/wp-content\/uploads\/2024\/09\/IMG_6981.jpg?resize=768%2C1024&amp;ssl=1 768w, https:\/\/i0.wp.com\/cakeartak.pl\/wp-content\/uploads\/2024\/09\/IMG_6981.jpg?resize=1152%2C1536&amp;ssl=1 1152w, https:\/\/i0.wp.com\/cakeartak.pl\/wp-content\/uploads\/2024\/09\/IMG_6981.jpg?resize=1536%2C2048&amp;ssl=1 1536w, https:\/\/i0.wp.com\/cakeartak.pl\/wp-content\/uploads\/2024\/09\/IMG_6981.jpg?resize=630%2C840&amp;ssl=1 630w, https:\/\/i0.wp.com\/cakeartak.pl\/wp-content\/uploads\/2024\/09\/IMG_6981.jpg?resize=1320%2C1760&amp;ssl=1 1320w\" sizes=\"(max-width: 980px) 100vw, 980px\" \/>\t\t\t\t\t\t\t\t\t\t\t\t\t<\/div>\n\t\t\t\t<\/div>\n\t\t\t\t\t<\/div>\n\t\t<\/div>\n\t\t\t\t\t<\/div>\n\t\t<\/div>\n\t\t\t\t\t<\/div>\n\t\t<\/div>\n\t\t\t\t\t<\/div>\n\t\t<\/div>\n\t\t\t\t<\/div>\n\t\t","protected":false},"excerpt":{"rendered":"<p>kilka s\u0142\u00f3w O MNIE Nazywam si\u0119 Angelika i tworzeniem tort\u00f3w i s\u0142odkich wypiek\u00f3w zajmuje si\u0119 ju\u017c od kilku lat. Jest to moja najwi\u0119ksza pasja, hobby i spos\u00f3b na \u017cycie. Ciesz\u0119 si\u0119, \u017ce zdecydowa\u0142a\u015b si\u0119 wybra\u0107 mnie na swojego szkoleniowca! kontakt Szkolenia Szkolenia stacjonarne Szkolenie indywidualne mo\u017ce odby\u0107 si\u0119 w terminie na kt\u00f3ry nie ma jeszcze [&hellip;]<\/p>\n","protected":false},"author":1,"featured_media":0,"parent":0,"menu_order":0,"comment_status":"closed","ping_status":"closed","template":"template-homepage.php","meta":{"footnotes":""},"class_list":["post-293","page","type-page","status-publish","hentry"],"jetpack_sharing_enabled":true,"_links":{"self":[{"href":"https:\/\/cakeartak.pl\/index.php\/wp-json\/wp\/v2\/pages\/293","targetHints":{"allow":["GET"]}}],"collection":[{"href":"https:\/\/cakeartak.pl\/index.php\/wp-json\/wp\/v2\/pages"}],"about":[{"href":"https:\/\/cakeartak.pl\/index.php\/wp-json\/wp\/v2\/types\/page"}],"author":[{"embeddable":true,"href":"https:\/\/cakeartak.pl\/index.php\/wp-json\/wp\/v2\/users\/1"}],"replies":[{"embeddable":true,"href":"https:\/\/cakeartak.pl\/index.php\/wp-json\/wp\/v2\/comments?post=293"}],"version-history":[{"count":0,"href":"https:\/\/cakeartak.pl\/index.php\/wp-json\/wp\/v2\/pages\/293\/revisions"}],"wp:attachment":[{"href":"https:\/\/cakeartak.pl\/index.php\/wp-json\/wp\/v2\/media?parent=293"}],"curies":[{"name":"wp","href":"https:\/\/api.w.org\/{rel}","templated":true}]}}