{"id":10990,"date":"2024-10-27T09:50:49","date_gmt":"2024-10-27T08:50:49","guid":{"rendered":"https:\/\/cakeartak.pl\/?post_type=product&#038;p=10990"},"modified":"2024-10-30T09:56:07","modified_gmt":"2024-10-30T08:56:07","slug":"ebook-tort-nowojorski","status":"publish","type":"product","link":"https:\/\/cakeartak.pl\/index.php\/produkt\/ebook-tort-nowojorski\/","title":{"rendered":"Ebook tort nowojorski"},"content":{"rendered":"","protected":false},"excerpt":{"rendered":"<p>Ten ebook zosta\u0142 stworzony dla wszystkich kt\u00f3rzy chc\u0105 przygotowa\u0107 profesjonalny tort kt\u00f3ry zachwyci smakiem i wygl\u0105dem wszystkich, kt\u00f3rzy go spr\u00f3buj\u0105.<\/p>\n","protected":false},"featured_media":10869,"template":"","meta":[],"product_cat":[15],"product_tag":[],"mwb_booking_cost":[],"mwb_booking_service":[],"class_list":{"0":"post-10990","1":"product","2":"type-product","3":"status-publish","4":"has-post-thumbnail","6":"product_cat-bez-kategorii","8":"first","9":"instock","10":"downloadable","11":"virtual","12":"purchasable","13":"product-type-simple"},"jetpack_sharing_enabled":true,"_links":{"self":[{"href":"https:\/\/cakeartak.pl\/index.php\/wp-json\/wp\/v2\/product\/10990","targetHints":{"allow":["GET"]}}],"collection":[{"href":"https:\/\/cakeartak.pl\/index.php\/wp-json\/wp\/v2\/product"}],"about":[{"href":"https:\/\/cakeartak.pl\/index.php\/wp-json\/wp\/v2\/types\/product"}],"version-history":[{"count":1,"href":"https:\/\/cakeartak.pl\/index.php\/wp-json\/wp\/v2\/product\/10990\/revisions"}],"predecessor-version":[{"id":11133,"href":"https:\/\/cakeartak.pl\/index.php\/wp-json\/wp\/v2\/product\/10990\/revisions\/11133"}],"wp:featuredmedia":[{"embeddable":true,"href":"https:\/\/cakeartak.pl\/index.php\/wp-json\/wp\/v2\/media\/10869"}],"wp:attachment":[{"href":"https:\/\/cakeartak.pl\/index.php\/wp-json\/wp\/v2\/media?parent=10990"}],"wp:term":[{"taxonomy":"product_cat","embeddable":true,"href":"https:\/\/cakeartak.pl\/index.php\/wp-json\/wp\/v2\/product_cat?post=10990"},{"taxonomy":"product_tag","embeddable":true,"href":"https:\/\/cakeartak.pl\/index.php\/wp-json\/wp\/v2\/product_tag?post=10990"},{"taxonomy":"mwb_booking_cost","embeddable":true,"href":"https:\/\/cakeartak.pl\/index.php\/wp-json\/wp\/v2\/mwb_booking_cost?post=10990"},{"taxonomy":"mwb_booking_service","embeddable":true,"href":"https:\/\/cakeartak.pl\/index.php\/wp-json\/wp\/v2\/mwb_booking_service?post=10990"}],"curies":[{"name":"wp","href":"https:\/\/api.w.org\/{rel}","templated":true}]}}