{"id":11188,"date":"2024-11-18T16:37:37","date_gmt":"2024-11-18T15:37:37","guid":{"rendered":"https:\/\/cakeartak.pl\/?post_type=product&#038;p=11188"},"modified":"2024-11-26T13:07:28","modified_gmt":"2024-11-26T12:07:28","slug":"figurka-jednorozec","status":"publish","type":"product","link":"https:\/\/cakeartak.pl\/index.php\/produkt\/figurka-jednorozec\/","title":{"rendered":"Figurka Jednoro\u017cec"},"content":{"rendered":"","protected":false},"excerpt":{"rendered":"<p>To szkolenie online zosta\u0142o stworzone dla wszystkich kt\u00f3rzy chc\u0105 nauczy\u0107 si\u0119 jak poprawnie wykona\u0107 figurk\u0119 z masy cukrowej!<\/p>\n","protected":false},"featured_media":11184,"template":"","meta":[],"product_cat":[15],"product_tag":[],"mwb_booking_cost":[],"mwb_booking_service":[],"class_list":{"0":"post-11188","1":"product","2":"type-product","3":"status-publish","4":"has-post-thumbnail","6":"product_cat-bez-kategorii","8":"first","9":"instock","10":"downloadable","11":"virtual","12":"purchasable","13":"product-type-simple"},"jetpack_sharing_enabled":true,"_links":{"self":[{"href":"https:\/\/cakeartak.pl\/index.php\/wp-json\/wp\/v2\/product\/11188","targetHints":{"allow":["GET"]}}],"collection":[{"href":"https:\/\/cakeartak.pl\/index.php\/wp-json\/wp\/v2\/product"}],"about":[{"href":"https:\/\/cakeartak.pl\/index.php\/wp-json\/wp\/v2\/types\/product"}],"version-history":[{"count":2,"href":"https:\/\/cakeartak.pl\/index.php\/wp-json\/wp\/v2\/product\/11188\/revisions"}],"predecessor-version":[{"id":11198,"href":"https:\/\/cakeartak.pl\/index.php\/wp-json\/wp\/v2\/product\/11188\/revisions\/11198"}],"wp:featuredmedia":[{"embeddable":true,"href":"https:\/\/cakeartak.pl\/index.php\/wp-json\/wp\/v2\/media\/11184"}],"wp:attachment":[{"href":"https:\/\/cakeartak.pl\/index.php\/wp-json\/wp\/v2\/media?parent=11188"}],"wp:term":[{"taxonomy":"product_cat","embeddable":true,"href":"https:\/\/cakeartak.pl\/index.php\/wp-json\/wp\/v2\/product_cat?post=11188"},{"taxonomy":"product_tag","embeddable":true,"href":"https:\/\/cakeartak.pl\/index.php\/wp-json\/wp\/v2\/product_tag?post=11188"},{"taxonomy":"mwb_booking_cost","embeddable":true,"href":"https:\/\/cakeartak.pl\/index.php\/wp-json\/wp\/v2\/mwb_booking_cost?post=11188"},{"taxonomy":"mwb_booking_service","embeddable":true,"href":"https:\/\/cakeartak.pl\/index.php\/wp-json\/wp\/v2\/mwb_booking_service?post=11188"}],"curies":[{"name":"wp","href":"https:\/\/api.w.org\/{rel}","templated":true}]}}