{"id":11231,"date":"2024-12-16T19:44:46","date_gmt":"2024-12-16T18:44:46","guid":{"rendered":"https:\/\/cakeartak.pl\/?post_type=product&#038;p=11231"},"modified":"2024-12-16T19:54:44","modified_gmt":"2024-12-16T18:54:44","slug":"11231","status":"publish","type":"product","link":"https:\/\/cakeartak.pl\/index.php\/produkt\/11231\/","title":{"rendered":"Mi\u015b \u015bwiateczny"},"content":{"rendered":"","protected":false},"excerpt":{"rendered":"<div>\u015awi\u0105teczna wersja Waszego ulubionego szkolenia z figurek z masy cukrowej !<\/div>\n<div><\/div>\n<div>To szkolenie online zosta\u0142o stworzone dla wszystkich kt\u00f3rzy chc\u0105 nauczy\u0107 si\u0119 jak poprawnie wykona\u0107 figurk\u0119 z masy cukrowej!<\/div>\n<p>Szkolenie opr\u00f3cz p\u00f3\u0142 godzinnego nagrania z dok\u0142adnym wyja\u015bnieniem, zawiera r\u00f3wnie\u017c skrypt szkoleniowy.<\/p>\n<div>Z tego szkolenia dowiesz si\u0119 :<\/div>\n<div><\/div>\n<ul>\n<li><strong>jak barwi\u0107 mas\u0119 cukrow\u0105<\/strong><\/li>\n<li><strong>jakie proporcje powinna mie\u0107 idealna figurka z masy cukrowej<\/strong><\/li>\n<li><strong>jak modelowa\u0107 poszczeg\u00f3lne elementy figurki<\/strong><\/li>\n<li><strong>jak \u0142\u0105czy\u0107 elementy figurki<\/strong><\/li>\n<li><strong>dowiesz si\u0119 jakich produkt\u00f3w najlepiej u\u017cywa\u0107<\/strong><\/li>\n<\/ul>\n","protected":false},"featured_media":11227,"template":"","meta":[],"product_cat":[15],"product_tag":[],"mwb_booking_cost":[],"mwb_booking_service":[],"class_list":{"0":"post-11231","1":"product","2":"type-product","3":"status-publish","4":"has-post-thumbnail","6":"product_cat-bez-kategorii","8":"first","9":"instock","10":"downloadable","11":"virtual","12":"purchasable","13":"product-type-simple"},"jetpack_sharing_enabled":true,"_links":{"self":[{"href":"https:\/\/cakeartak.pl\/index.php\/wp-json\/wp\/v2\/product\/11231","targetHints":{"allow":["GET"]}}],"collection":[{"href":"https:\/\/cakeartak.pl\/index.php\/wp-json\/wp\/v2\/product"}],"about":[{"href":"https:\/\/cakeartak.pl\/index.php\/wp-json\/wp\/v2\/types\/product"}],"version-history":[{"count":5,"href":"https:\/\/cakeartak.pl\/index.php\/wp-json\/wp\/v2\/product\/11231\/revisions"}],"predecessor-version":[{"id":11251,"href":"https:\/\/cakeartak.pl\/index.php\/wp-json\/wp\/v2\/product\/11231\/revisions\/11251"}],"wp:featuredmedia":[{"embeddable":true,"href":"https:\/\/cakeartak.pl\/index.php\/wp-json\/wp\/v2\/media\/11227"}],"wp:attachment":[{"href":"https:\/\/cakeartak.pl\/index.php\/wp-json\/wp\/v2\/media?parent=11231"}],"wp:term":[{"taxonomy":"product_cat","embeddable":true,"href":"https:\/\/cakeartak.pl\/index.php\/wp-json\/wp\/v2\/product_cat?post=11231"},{"taxonomy":"product_tag","embeddable":true,"href":"https:\/\/cakeartak.pl\/index.php\/wp-json\/wp\/v2\/product_tag?post=11231"},{"taxonomy":"mwb_booking_cost","embeddable":true,"href":"https:\/\/cakeartak.pl\/index.php\/wp-json\/wp\/v2\/mwb_booking_cost?post=11231"},{"taxonomy":"mwb_booking_service","embeddable":true,"href":"https:\/\/cakeartak.pl\/index.php\/wp-json\/wp\/v2\/mwb_booking_service?post=11231"}],"curies":[{"name":"wp","href":"https:\/\/api.w.org\/{rel}","templated":true}]}}